{"id":6193,"date":"2020-03-19T09:08:43","date_gmt":"2020-03-19T08:08:43","guid":{"rendered":"http:\/\/icalps.votre-projet.com\/?page_id=6193"},"modified":"2025-09-22T12:31:55","modified_gmt":"2025-09-22T10:31:55","slug":"sitemap","status":"publish","type":"page","link":"https:\/\/www.icalps.com\/fr\/sitemap\/","title":{"rendered":"Sitemap"},"content":{"rendered":"\t\t<div data-elementor-type=\"wp-page\" data-elementor-id=\"6193\" class=\"elementor elementor-6193\" data-elementor-post-type=\"page\">\n\t\t\t\t<div class=\"elementor-element elementor-element-6a835a3 e-flex e-con-boxed e-con e-parent\" data-id=\"6a835a3\" data-element_type=\"container\" data-e-type=\"container\" data-settings=\"{&quot;jet_parallax_layout_list&quot;:[],&quot;background_background&quot;:&quot;classic&quot;}\">\n\t\t\t\t\t<div class=\"e-con-inner\">\n\t\t\t\t<div class=\"elementor-element elementor-element-06ea248 elementor-widget elementor-widget-sp-breadcrumbs\" data-id=\"06ea248\" data-element_type=\"widget\" data-e-type=\"widget\" data-widget_type=\"sp-breadcrumbs.default\">\n\t\t\t\t<div class=\"elementor-widget-container\">\n\t\t\t\t\t<nav  aria-label=\"Fil d&#039;Ariane\"><ol class=\"breadcrumb\" itemscope itemtype=\"https:\/\/schema.org\/BreadcrumbList\"><li class=\"breadcrumb-item active\" aria-current=\"page\" itemprop=\"itemListElement\" itemscope itemtype=\"https:\/\/schema.org\/ListItem\"><span itemprop=\"name\">Accueil<\/span><meta itemprop=\"position\" content=\"1\"><\/li><\/ol><\/nav>\t\t\t\t<\/div>\n\t\t\t\t<\/div>\n\t\t\t\t\t<\/div>\n\t\t\t\t<\/div>\n\t\t<div class=\"elementor-element elementor-element-5f3a5df e-flex e-con-boxed e-con e-parent\" data-id=\"5f3a5df\" data-element_type=\"container\" data-e-type=\"container\" data-settings=\"{&quot;background_background&quot;:&quot;classic&quot;,&quot;jet_parallax_layout_list&quot;:[]}\">\n\t\t\t\t\t<div class=\"e-con-inner\">\n\t\t\t\t<div class=\"elementor-element elementor-element-532b4ef elementor-widget elementor-widget-heading\" data-id=\"532b4ef\" data-element_type=\"widget\" data-e-type=\"widget\" data-widget_type=\"heading.default\">\n\t\t\t\t<div class=\"elementor-widget-container\">\n\t\t\t\t\t<h1 class=\"elementor-heading-title elementor-size-default\">Sitemap<\/h1>\t\t\t\t<\/div>\n\t\t\t\t<\/div>\n\t\t\t\t\t<\/div>\n\t\t\t\t<\/div>\n\t\t<div class=\"elementor-element elementor-element-0f3cbd2 e-flex e-con-boxed e-con e-parent\" data-id=\"0f3cbd2\" data-element_type=\"container\" data-e-type=\"container\" data-settings=\"{&quot;jet_parallax_layout_list&quot;:[]}\">\n\t\t\t\t\t<div class=\"e-con-inner\">\n\t\t\t\t<div class=\"elementor-element elementor-element-d0a3e9d elementor-widget elementor-widget-sitemap\" data-id=\"d0a3e9d\" data-element_type=\"widget\" data-e-type=\"widget\" data-widget_type=\"sitemap.default\">\n\t\t\t\t<div class=\"elementor-widget-container\">\n\t\t\t\t\t<div class=\"elementor-sitemap-wrap\"><div class=\"elementor-sitemap-section\"><h2 class=\"elementor-sitemap-title elementor-sitemap-page-title\">Pages<\/h2><ul class=\"elementor-sitemap-list elementor-sitemap-page-list\"><li class=\"elementor-sitemap-item elementor-sitemap-item-page page_item page-item-129854\"><a href=\"https:\/\/www.icalps.com\/fr\/un-e-ingenieur-application-hardware\/\">Un-e Ing\u00e9nieur Application Hardware<\/a><\/li><li class=\"elementor-sitemap-item elementor-sitemap-item-page page_item page-item-106389\"><a href=\"https:\/\/www.icalps.com\/fr\/quality\/\">Quality<\/a><\/li><li class=\"elementor-sitemap-item elementor-sitemap-item-page page_item page-item-71314\"><a href=\"https:\/\/www.icalps.com\/fr\/contactez-nous\/\">Contact<\/a><\/li><li class=\"elementor-sitemap-item elementor-sitemap-item-page page_item page-item-71713\"><a href=\"https:\/\/www.icalps.com\/fr\/services-sur-mesure-de-conception-dasic-soc\/\">Services personnalis\u00e9s de conception de circuits int\u00e9gr\u00e9s<\/a><\/li><li class=\"elementor-sitemap-item elementor-sitemap-item-page page_item page-item-71711\"><a href=\"https:\/\/www.icalps.com\/fr\/conception-et-fourniture-dasic-cle-en-main\/\">Conception et fourniture d&rsquo;ASIC cl\u00e9 en main<\/a><\/li><li class=\"elementor-sitemap-item elementor-sitemap-item-page page_item page-item-71330\"><a href=\"https:\/\/www.icalps.com\/fr\/\">Accueil<\/a><\/li><li class=\"elementor-sitemap-item elementor-sitemap-item-page page_item page-item-71167\"><a href=\"https:\/\/www.icalps.com\/fr\/carrieres\/\">Carri\u00e8res<\/a><ul class='children'><li class=\"elementor-sitemap-item elementor-sitemap-item-page page_item page-item-163854\"><a href=\"https:\/\/www.icalps.com\/fr\/carrieres\/chargee-marketing-digital\/\">Charg\u00e9(e) Marketing Digital<\/a><\/li><li class=\"elementor-sitemap-item elementor-sitemap-item-page page_item page-item-151009\"><a href=\"https:\/\/www.icalps.com\/fr\/carrieres\/un-e-responsable-administratif-ve-et-financier-ere\/\">Un.e Responsable Administratif.ve et financier.\u00e8re<\/a><\/li><li class=\"elementor-sitemap-item elementor-sitemap-item-page page_item page-item-130008\"><a href=\"https:\/\/www.icalps.com\/fr\/carrieres\/un-e-ingenieur-application-hardware\/\">Un-e Ing\u00e9nieur Application Hardware<\/a><\/li><li class=\"elementor-sitemap-item elementor-sitemap-item-page page_item page-item-68546\"><a href=\"https:\/\/www.icalps.com\/fr\/carrieres\/postulez\/\">Postulez<\/a><\/li><\/ul><\/li><li class=\"elementor-sitemap-item elementor-sitemap-item-page page_item page-item-70157\"><a href=\"https:\/\/www.icalps.com\/fr\/a-propos-de-nous\/\">\u00c0 propos<\/a><ul class='children'><li class=\"elementor-sitemap-item elementor-sitemap-item-page page_item page-item-106394\"><a href=\"https:\/\/www.icalps.com\/fr\/a-propos-de-nous\/qualite\/\">Qualit\u00e9<\/a><\/li><\/ul><\/li><li class=\"elementor-sitemap-item elementor-sitemap-item-page page_item page-item-61146\"><a href=\"https:\/\/www.icalps.com\/fr\/asic-relavance-for-active-implantable-medical-devices-aimd\/\">The relevance of ASIC for Active Implantable Medical Devices (AIMD)<\/a><\/li><li class=\"elementor-sitemap-item elementor-sitemap-item-page page_item page-item-46478\"><a href=\"https:\/\/www.icalps.com\/fr\/video-demo-nanopower-acquisition-chain-bloc\/\">Demo video: Nanopower Acquisition Chain block<\/a><\/li><li class=\"elementor-sitemap-item elementor-sitemap-item-page page_item page-item-21278\"><a href=\"https:\/\/www.icalps.com\/fr\/corporate-video-icalps-asic-design-supply-ic-design-services\/\">Corporate video IC&rsquo;Alps<\/a><\/li><li class=\"elementor-sitemap-item elementor-sitemap-item-page page_item page-item-15973\"><a href=\"https:\/\/www.icalps.com\/fr\/analog-digital-asic-solutions\/\">Solutions<\/a><ul class='children'><li class=\"elementor-sitemap-item elementor-sitemap-item-page page_item page-item-19854\"><a href=\"https:\/\/www.icalps.com\/fr\/analog-digital-asic-solutions\/reference-designs-asic\/\">Reference designs<\/a><ul class='children'><li class=\"elementor-sitemap-item elementor-sitemap-item-page page_item page-item-46895\"><a href=\"https:\/\/www.icalps.com\/fr\/analog-digital-asic-solutions\/reference-designs-asic\/uvisia\/\">uVisia<\/a><\/li><\/ul><\/li><li class=\"elementor-sitemap-item elementor-sitemap-item-page page_item page-item-19842\"><a href=\"https:\/\/www.icalps.com\/fr\/analog-digital-asic-solutions\/ip-components-internal-asset\/\">IP components internal asset<\/a><ul class='children'><li class=\"elementor-sitemap-item elementor-sitemap-item-page page_item page-item-71906\"><a href=\"https:\/\/www.icalps.com\/fr\/analog-digital-asic-solutions\/ip-components-internal-asset\/high-resolution-delta-sigma-adc-modulator\/\">High Resolution Delta Sigma ADC Modulator<\/a><\/li><li class=\"elementor-sitemap-item elementor-sitemap-item-page page_item page-item-47135\"><a href=\"https:\/\/www.icalps.com\/fr\/analog-digital-asic-solutions\/ip-components-internal-asset\/nanopower-ecg-egm-acquisition-chain\/\">Nanopower unipolar ECG\/EGM acquisition chain<\/a><\/li><li class=\"elementor-sitemap-item elementor-sitemap-item-page page_item page-item-19828\"><a href=\"https:\/\/www.icalps.com\/fr\/analog-digital-asic-solutions\/ip-components-internal-asset\/high-resolution-ecg-readout-afe\/\">High-Resolution bipolar ECG\/EGM acquisition chain<\/a><\/li><li class=\"elementor-sitemap-item elementor-sitemap-item-page page_item page-item-19790\"><a href=\"https:\/\/www.icalps.com\/fr\/analog-digital-asic-solutions\/ip-components-internal-asset\/sar-adc-12bit-tsmc-55nm\/\">Single-Channel, 12-Bit, 1-MSPS SAR ADC IP<\/a><\/li><\/ul><\/li><li class=\"elementor-sitemap-item elementor-sitemap-item-page page_item page-item-6098\"><a href=\"https:\/\/www.icalps.com\/fr\/analog-digital-asic-solutions\/asic-case-studies\/\">ASIC Customer Stories<\/a><ul class='children'><li class=\"elementor-sitemap-item elementor-sitemap-item-page page_item page-item-63212\"><a href=\"https:\/\/www.icalps.com\/fr\/analog-digital-asic-solutions\/asic-case-studies\/high-precision-magnetic-sensor-interfacing-asic\/\">High precision magnetic sensor interfacing ASIC<\/a><\/li><li class=\"elementor-sitemap-item elementor-sitemap-item-page page_item page-item-37947\"><a href=\"https:\/\/www.icalps.com\/fr\/analog-digital-asic-solutions\/asic-case-studies\/demo-chip-for-embedded-non-volatile-memory-nvm-module\/\">Demo chip for embedded Non-Volatile Memory (NVM) module<\/a><\/li><li class=\"elementor-sitemap-item elementor-sitemap-item-page page_item page-item-30443\"><a href=\"https:\/\/www.icalps.com\/fr\/analog-digital-asic-solutions\/asic-case-studies\/asynchronous-standard-cells-library-development-for-secure-elements\/\">Asynchronous Standard Cells library development<\/a><\/li><li class=\"elementor-sitemap-item elementor-sitemap-item-page page_item page-item-30461\"><a href=\"https:\/\/www.icalps.com\/fr\/analog-digital-asic-solutions\/asic-case-studies\/low-power-fast-risc-v-based-cpu-for-virtual-reality-device\/\">Low-power &#038; fast RISC-V-based SoC for Virtual Reality Device<\/a><\/li><li class=\"elementor-sitemap-item elementor-sitemap-item-page page_item page-item-30465\"><a href=\"https:\/\/www.icalps.com\/fr\/analog-digital-asic-solutions\/asic-case-studies\/asynchronous-secured-ip-block-implementation\/\">Asynchronous Secured IP block implementation<\/a><\/li><li class=\"elementor-sitemap-item elementor-sitemap-item-page page_item page-item-28679\"><a href=\"https:\/\/www.icalps.com\/fr\/analog-digital-asic-solutions\/asic-case-studies\/home-safety-residual-current-device-rcd-asic\/\">Home Safety Residual Current Device (RCD) ASIC<\/a><\/li><li class=\"elementor-sitemap-item elementor-sitemap-item-page page_item page-item-29043\"><a href=\"https:\/\/www.icalps.com\/fr\/analog-digital-asic-solutions\/asic-case-studies\/feasibility-study-for-a-fpga-to-asic-migration\/\">Feasibility study &#8211; FPGA to ASIC migration<\/a><\/li><li class=\"elementor-sitemap-item elementor-sitemap-item-page page_item page-item-29054\"><a href=\"https:\/\/www.icalps.com\/fr\/analog-digital-asic-solutions\/asic-case-studies\/multicore-mixed-signal-asic-for-sensors-and-encoders\/\">Multicore mixed-signal ASIC for sensors interfacing<\/a><\/li><li class=\"elementor-sitemap-item elementor-sitemap-item-page page_item page-item-21009\"><a href=\"https:\/\/www.icalps.com\/fr\/analog-digital-asic-solutions\/asic-case-studies\/micro-led-driver-asic-for-displays\/\">\u03bcLED driver ASIC for displays<\/a><\/li><li class=\"elementor-sitemap-item elementor-sitemap-item-page page_item page-item-20210\"><a href=\"https:\/\/www.icalps.com\/fr\/analog-digital-asic-solutions\/asic-case-studies\/low-power-neural-processing-unit\/\">Low-power Neural Processing Unit (NPU)<\/a><\/li><li class=\"elementor-sitemap-item elementor-sitemap-item-page page_item page-item-7510\"><a href=\"https:\/\/www.icalps.com\/fr\/analog-digital-asic-solutions\/asic-case-studies\/radhard-high-rel-asic-solutions-design\/\">RadHard and High-Rel ASIC solutions by design<\/a><\/li><li class=\"elementor-sitemap-item elementor-sitemap-item-page page_item page-item-7502\"><a href=\"https:\/\/www.icalps.com\/fr\/analog-digital-asic-solutions\/asic-case-studies\/command-control-asic-aircrafts\/\">Command control ASIC<\/a><\/li><li class=\"elementor-sitemap-item elementor-sitemap-item-page page_item page-item-7470\"><a href=\"https:\/\/www.icalps.com\/fr\/analog-digital-asic-solutions\/asic-case-studies\/low-power-asic-iot-device\/\">Ultra low power ASIC for IoT device<\/a><\/li><li class=\"elementor-sitemap-item elementor-sitemap-item-page page_item page-item-7435\"><a href=\"https:\/\/www.icalps.com\/fr\/analog-digital-asic-solutions\/asic-case-studies\/high-voltage-asic-emergency-lighting-units\/\">High Voltage ASIC for emergency lighting units<\/a><\/li><li class=\"elementor-sitemap-item elementor-sitemap-item-page page_item page-item-7420\"><a href=\"https:\/\/www.icalps.com\/fr\/analog-digital-asic-solutions\/asic-case-studies\/vital-sign-acquisition-asic\/\">Vital signs acquisition ASIC<\/a><\/li><li class=\"elementor-sitemap-item elementor-sitemap-item-page page_item page-item-6101\"><a href=\"https:\/\/www.icalps.com\/fr\/analog-digital-asic-solutions\/asic-case-studies\/asic-efpga-case-study\/\">ASIC with eFPGA<\/a><\/li><\/ul><\/li><\/ul><\/li><li class=\"elementor-sitemap-item elementor-sitemap-item-page page_item page-item-8261\"><a href=\"https:\/\/www.icalps.com\/fr\/download-ic-alps-corporate-brochure\/\">Download-corporate-brochure<\/a><\/li><li class=\"elementor-sitemap-item elementor-sitemap-item-page page_item page-item-8143\"><a href=\"https:\/\/www.icalps.com\/fr\/ic-alps-mailing-list\/\">Keep me updated<\/a><\/li><li class=\"elementor-sitemap-item elementor-sitemap-item-page page_item page-item-7948\"><a href=\"https:\/\/www.icalps.com\/fr\/ic-alps-ethical-charter\/\">Ethical charter<\/a><\/li><li class=\"elementor-sitemap-item elementor-sitemap-item-page page_item page-item-7862\"><a href=\"https:\/\/www.icalps.com\/fr\/reasons-to-use-an-asic\/\">Reasons to use an ASIC<\/a><\/li><li class=\"elementor-sitemap-item elementor-sitemap-item-page page_item page-item-7019\"><a href=\"https:\/\/www.icalps.com\/fr\/partnerships-memberships-2\/\">Partnerships &#038; Memberships<\/a><\/li><li class=\"elementor-sitemap-item elementor-sitemap-item-page page_item page-item-6622\"><a href=\"https:\/\/www.icalps.com\/fr\/icalps-expertise\/\">Expertise<\/a><ul class='children'><li class=\"elementor-sitemap-item elementor-sitemap-item-page page_item page-item-7920\"><a href=\"https:\/\/www.icalps.com\/fr\/icalps-expertise\/custom-sensing-interfaces\/\">Custom sensor interfacing<\/a><\/li><li class=\"elementor-sitemap-item elementor-sitemap-item-page page_item page-item-7903\"><a href=\"https:\/\/www.icalps.com\/fr\/icalps-expertise\/mixed-signal-asic\/\">Mixed-Signal ASIC<\/a><ul class='children'><li class=\"elementor-sitemap-item elementor-sitemap-item-page page_item page-item-7978\"><a href=\"https:\/\/www.icalps.com\/fr\/icalps-expertise\/mixed-signal-asic\/measurement-lab-asic-design-house\/\">Measurement lab<\/a><\/li><\/ul><\/li><li class=\"elementor-sitemap-item elementor-sitemap-item-page page_item page-item-7627\"><a href=\"https:\/\/www.icalps.com\/fr\/icalps-expertise\/low-power-asic-solutions\/\">Low-power ASIC<\/a><\/li><li class=\"elementor-sitemap-item elementor-sitemap-item-page page_item page-item-6604\"><a href=\"https:\/\/www.icalps.com\/fr\/icalps-expertise\/secured-asic-solutions\/\">Security ASIC<\/a><\/li><li class=\"elementor-sitemap-item elementor-sitemap-item-page page_item page-item-5910\"><a href=\"https:\/\/www.icalps.com\/fr\/icalps-expertise\/icalps-research-development-projects\/\">R&#038;D projects<\/a><\/li><\/ul><\/li><li class=\"elementor-sitemap-item elementor-sitemap-item-page page_item page-item-6193\"><a href=\"https:\/\/www.icalps.com\/fr\/sitemap\/\">Sitemap<\/a><\/li><li class=\"elementor-sitemap-item elementor-sitemap-item-page page_item page-item-5818\"><a href=\"https:\/\/www.icalps.com\/fr\/ic-alps-legal-information\/\">Legal Information<\/a><\/li><li class=\"elementor-sitemap-item elementor-sitemap-item-page page_item page-item-5667\"><a href=\"https:\/\/www.icalps.com\/fr\/ic-alps-services\/\">Services<\/a><ul class='children'><li class=\"elementor-sitemap-item elementor-sitemap-item-page page_item page-item-6207\"><a href=\"https:\/\/www.icalps.com\/fr\/ic-alps-services\/asic-industrialization\/\">ASIC Industrialization<\/a><\/li><\/ul><\/li><li class=\"elementor-sitemap-item elementor-sitemap-item-page page_item page-item-18\"><a href=\"https:\/\/www.icalps.com\/fr\/analog-digital-asic-applications\/\">Applications<\/a><ul class='children'><li class=\"elementor-sitemap-item elementor-sitemap-item-page page_item page-item-6199\"><a href=\"https:\/\/www.icalps.com\/fr\/analog-digital-asic-applications\/asic-for-automotive\/\">Automotive<\/a><\/li><li class=\"elementor-sitemap-item elementor-sitemap-item-page page_item page-item-6202\"><a href=\"https:\/\/www.icalps.com\/fr\/analog-digital-asic-applications\/aeronautics-space-defence-asic\/\">Aeronautics, Space &#038; Defence<\/a><\/li><li class=\"elementor-sitemap-item elementor-sitemap-item-page page_item page-item-6197\"><a href=\"https:\/\/www.icalps.com\/fr\/analog-digital-asic-applications\/iot-asic-applications\/\">IoT<\/a><\/li><li class=\"elementor-sitemap-item elementor-sitemap-item-page page_item page-item-6195\"><a href=\"https:\/\/www.icalps.com\/fr\/analog-digital-asic-applications\/industrial-asic-applications\/\">Industrial<\/a><\/li><li class=\"elementor-sitemap-item elementor-sitemap-item-page page_item page-item-6094\"><a href=\"https:\/\/www.icalps.com\/fr\/analog-digital-asic-applications\/healthcare-medical-asic-applications\/\">Healthcare<\/a><\/li><\/ul><\/li><li class=\"elementor-sitemap-item elementor-sitemap-item-page page_item page-item-60882\"><a href=\"https:\/\/www.icalps.com\/fr\/careers-opportunities\/digital-ic-verification-engineer\/\">Digital IC Verification Engineer (W\/M)<\/a><\/li><li class=\"elementor-sitemap-item elementor-sitemap-item-page page_item page-item-20329\"><a href=\"https:\/\/www.icalps.com\/fr\/careers-opportunities\/analog-physical-designer\/\">Analog Physical Designer (W\/M)<\/a><\/li><li class=\"elementor-sitemap-item elementor-sitemap-item-page page_item page-item-17995\"><a href=\"https:\/\/www.icalps.com\/fr\/careers-opportunities\/senior-engineer-digital-design-low-level-software\/\">Senior Engineer Digital Design &#038; Low-Level Software (W\/M)<\/a><\/li><li class=\"elementor-sitemap-item elementor-sitemap-item-page page_item page-item-6962\"><a href=\"https:\/\/www.icalps.com\/fr\/careers-opportunities\/analog-design-engineer-job\/\">Senior Analog Design Engineer (W\/M)<\/a><\/li><li class=\"elementor-sitemap-item elementor-sitemap-item-page page_item page-item-6960\"><a href=\"https:\/\/www.icalps.com\/fr\/careers-opportunities\/physical-implementation-engineer-job\/\">Physical Implementation Engineer<\/a><\/li><li class=\"elementor-sitemap-item elementor-sitemap-item-page page_item page-item-6911\"><a href=\"https:\/\/www.icalps.com\/fr\/careers-opportunities\/senior-digital-design-engineer-w-m\/\">Senior Digital Design Engineer (W\/M)<\/a><\/li><li class=\"elementor-sitemap-item elementor-sitemap-item-page page_item page-item-20998\"><a href=\"https:\/\/www.icalps.com\/fr\/about-us\/asic-soc-design-supply-custom-chip-services-network\/contact-sales-rep-network-asic-design-house\/\">Contact our Sales Rep Network<\/a><\/li><li class=\"elementor-sitemap-item elementor-sitemap-item-page page_item page-item-20915\"><a href=\"https:\/\/www.icalps.com\/fr\/about-us\/asic-soc-design-supply-custom-chip-services-network\/\">International ASIC Network<\/a><\/li><li class=\"elementor-sitemap-item elementor-sitemap-item-page page_item page-item-6985\"><a href=\"https:\/\/www.icalps.com\/fr\/about-us\/what-do-we-do\/\">What do we do<\/a><\/li><li class=\"elementor-sitemap-item elementor-sitemap-item-page page_item page-item-5916\"><a href=\"https:\/\/www.icalps.com\/fr\/about-us\/leadership-team\/\">Leadership Team<\/a><\/li><\/ul><\/div><div class=\"elementor-sitemap-section\"><h2 class=\"elementor-sitemap-title elementor-sitemap-category-title\">Categories<\/h2><ul class=\"elementor-sitemap-list elementor-sitemap-category-list\">\t<li class=\"elementor-sitemap-item elementor-sitemap-item-category cat-item cat-item-37\"><a href=\"https:\/\/www.icalps.com\/fr\/non-classifiee\/\">Non classifi\u00e9(e)<\/a>\n<\/li>\n<\/ul><\/div><\/div>\t\t\t\t<\/div>\n\t\t\t\t<\/div>\n\t\t\t\t\t<\/div>\n\t\t\t\t<\/div>\n\t\t\t\t<\/div>\n\t\t","protected":false},"excerpt":{"rendered":"<p>Home Sitemap<\/p>\n","protected":false},"author":8,"featured_media":0,"parent":0,"menu_order":0,"comment_status":"closed","ping_status":"closed","template":"elementor_header_footer","meta":{"_seopress_robots_primary_cat":"","_seopress_titles_title":"%%sitename%% %%title%% %%page%%","_seopress_titles_desc":"IC'Alps' website sitemap","_seopress_robots_index":"","footnotes":""},"class_list":["post-6193","page","type-page","status-publish"],"_links":{"self":[{"href":"https:\/\/www.icalps.com\/fr\/wp-json\/wp\/v2\/pages\/6193","targetHints":{"allow":["GET"]}}],"collection":[{"href":"https:\/\/www.icalps.com\/fr\/wp-json\/wp\/v2\/pages"}],"about":[{"href":"https:\/\/www.icalps.com\/fr\/wp-json\/wp\/v2\/types\/page"}],"author":[{"embeddable":true,"href":"https:\/\/www.icalps.com\/fr\/wp-json\/wp\/v2\/users\/8"}],"replies":[{"embeddable":true,"href":"https:\/\/www.icalps.com\/fr\/wp-json\/wp\/v2\/comments?post=6193"}],"version-history":[{"count":0,"href":"https:\/\/www.icalps.com\/fr\/wp-json\/wp\/v2\/pages\/6193\/revisions"}],"wp:attachment":[{"href":"https:\/\/www.icalps.com\/fr\/wp-json\/wp\/v2\/media?parent=6193"}],"curies":[{"name":"wp","href":"https:\/\/api.w.org\/{rel}","templated":true}]}}