{"id":20998,"date":"2021-03-30T11:10:58","date_gmt":"2021-03-30T09:10:58","guid":{"rendered":"https:\/\/www.icalps.com\/?page_id=20998"},"modified":"2025-09-24T06:25:29","modified_gmt":"2025-09-24T04:25:29","slug":"contact-sales-rep-network-asic-design-house","status":"publish","type":"page","link":"https:\/\/www.icalps.com\/fr\/about-us\/asic-soc-design-supply-custom-chip-services-network\/contact-sales-rep-network-asic-design-house\/","title":{"rendered":"Contact our Sales Rep Network"},"content":{"rendered":"\t\t<div data-elementor-type=\"wp-page\" data-elementor-id=\"20998\" class=\"elementor elementor-20998\" data-elementor-post-type=\"page\">\n\t\t\t\t<div class=\"elementor-element elementor-element-89a522b e-flex e-con-boxed e-con e-parent\" data-id=\"89a522b\" data-element_type=\"container\" data-e-type=\"container\" data-settings=\"{&quot;jet_parallax_layout_list&quot;:[],&quot;background_background&quot;:&quot;classic&quot;}\">\n\t\t\t\t\t<div class=\"e-con-inner\">\n\t\t\t\t<div class=\"elementor-element elementor-element-8993bb7 elementor-widget elementor-widget-sp-breadcrumbs\" data-id=\"8993bb7\" data-element_type=\"widget\" data-e-type=\"widget\" data-widget_type=\"sp-breadcrumbs.default\">\n\t\t\t\t<div class=\"elementor-widget-container\">\n\t\t\t\t\t<nav  aria-label=\"Fil d&#039;Ariane\"><ol class=\"breadcrumb\" itemscope itemtype=\"https:\/\/schema.org\/BreadcrumbList\"><li class=\"breadcrumb-item active\" aria-current=\"page\" itemprop=\"itemListElement\" itemscope itemtype=\"https:\/\/schema.org\/ListItem\"><span itemprop=\"name\">Accueil<\/span><meta itemprop=\"position\" content=\"1\"><\/li><\/ol><\/nav>\t\t\t\t<\/div>\n\t\t\t\t<\/div>\n\t\t\t\t\t<\/div>\n\t\t\t\t<\/div>\n\t\t<div class=\"elementor-element elementor-element-38e3d0c e-flex e-con-boxed e-con e-parent\" data-id=\"38e3d0c\" data-element_type=\"container\" data-e-type=\"container\" data-settings=\"{&quot;background_background&quot;:&quot;classic&quot;,&quot;jet_parallax_layout_list&quot;:[]}\">\n\t\t\t\t\t<div class=\"e-con-inner\">\n\t\t\t\t<div class=\"elementor-element elementor-element-af656cc elementor-widget elementor-widget-heading\" data-id=\"af656cc\" data-element_type=\"widget\" data-e-type=\"widget\" data-widget_type=\"heading.default\">\n\t\t\t\t<div class=\"elementor-widget-container\">\n\t\t\t\t\t<h1 class=\"elementor-heading-title elementor-size-default\">Contact our Sales Rep Network<\/h1>\t\t\t\t<\/div>\n\t\t\t\t<\/div>\n\t\t\t\t\t<\/div>\n\t\t\t\t<\/div>\n\t\t<div class=\"elementor-element elementor-element-7e12de3 e-flex e-con-boxed e-con e-parent\" data-id=\"7e12de3\" data-element_type=\"container\" data-e-type=\"container\" data-settings=\"{&quot;jet_parallax_layout_list&quot;:[]}\">\n\t\t\t\t\t<div class=\"e-con-inner\">\n\t\t\t\t<div class=\"elementor-element elementor-element-6fd0daf elementor-widget elementor-widget-heading\" data-id=\"6fd0daf\" data-element_type=\"widget\" data-e-type=\"widget\" data-widget_type=\"heading.default\">\n\t\t\t\t<div class=\"elementor-widget-container\">\n\t\t\t\t\t<h2 class=\"elementor-heading-title elementor-size-default\">Send a message\n<\/h2>\t\t\t\t<\/div>\n\t\t\t\t<\/div>\n\t\t\t\t<div class=\"elementor-element elementor-element-171731f elementor-button-align-stretch elementor-widget elementor-widget-global elementor-global-73171 elementor-global-48850 elementor-widget-form\" data-id=\"171731f\" data-element_type=\"widget\" data-e-type=\"widget\" data-settings=\"{&quot;step_next_label&quot;:&quot;Suivant&quot;,&quot;step_previous_label&quot;:&quot;Pr\\u00e9c\\u00e9dent&quot;,&quot;button_width&quot;:&quot;100&quot;,&quot;step_type&quot;:&quot;number_text&quot;,&quot;step_icon_shape&quot;:&quot;circle&quot;}\" data-widget_type=\"form.default\">\n\t\t\t\t<div class=\"elementor-widget-container\">\n\t\t\t\t\t\t\t<form class=\"elementor-form\" method=\"post\" name=\"Contactez-nous\" aria-label=\"Contactez-nous\">\n\t\t\t<input type=\"hidden\" name=\"post_id\" value=\"20998\"\/>\n\t\t\t<input type=\"hidden\" name=\"form_id\" value=\"171731f\"\/>\n\t\t\t<input type=\"hidden\" name=\"referer_title\" value=\"\" \/>\n\n\t\t\t\n\t\t\t<div class=\"elementor-form-fields-wrapper elementor-labels-above\">\n\t\t\t\t\t\t\t\t<div class=\"elementor-field-type-text elementor-field-group elementor-column elementor-field-group-lastname elementor-col-50\">\n\t\t\t\t\t\t\t\t\t\t\t\t<label for=\"form-field-lastname\" class=\"elementor-field-label\">\n\t\t\t\t\t\t\t\tNom\t\t\t\t\t\t\t<\/label>\n\t\t\t\t\t\t\t\t\t\t\t\t\t\t<input size=\"1\" type=\"text\" name=\"form_fields[lastname]\" id=\"form-field-lastname\" class=\"elementor-field elementor-size-sm  elementor-field-textual\">\n\t\t\t\t\t\t\t\t\t\t\t<\/div>\n\t\t\t\t\t\t\t\t<div class=\"elementor-field-type-text elementor-field-group elementor-column elementor-field-group-firstname elementor-col-50\">\n\t\t\t\t\t\t\t\t\t\t\t\t<label for=\"form-field-firstname\" class=\"elementor-field-label\">\n\t\t\t\t\t\t\t\tPr\u00e9nom\t\t\t\t\t\t\t<\/label>\n\t\t\t\t\t\t\t\t\t\t\t\t\t\t<input size=\"1\" type=\"text\" name=\"form_fields[firstname]\" id=\"form-field-firstname\" class=\"elementor-field elementor-size-sm  elementor-field-textual\">\n\t\t\t\t\t\t\t\t\t\t\t<\/div>\n\t\t\t\t\t\t\t\t<div class=\"elementor-field-type-text elementor-field-group elementor-column elementor-field-group-company elementor-col-50\">\n\t\t\t\t\t\t\t\t\t\t\t\t<label for=\"form-field-company\" class=\"elementor-field-label\">\n\t\t\t\t\t\t\t\tEntreprise\t\t\t\t\t\t\t<\/label>\n\t\t\t\t\t\t\t\t\t\t\t\t\t\t<input size=\"1\" type=\"text\" name=\"form_fields[company]\" id=\"form-field-company\" class=\"elementor-field elementor-size-sm  elementor-field-textual\">\n\t\t\t\t\t\t\t\t\t\t\t<\/div>\n\t\t\t\t\t\t\t\t<div class=\"elementor-field-type-tel elementor-field-group elementor-column elementor-field-group-phone elementor-col-50\">\n\t\t\t\t\t\t\t\t\t\t\t\t<label for=\"form-field-phone\" class=\"elementor-field-label\">\n\t\t\t\t\t\t\t\tN\u00b0 de t\u00e9l\u00e9phone\t\t\t\t\t\t\t<\/label>\n\t\t\t\t\t\t\t\t<input size=\"1\" type=\"tel\" name=\"form_fields[phone]\" id=\"form-field-phone\" class=\"elementor-field elementor-size-sm  elementor-field-textual\" pattern=\"[0-9()#&amp;+*-=.]+\" title=\"Seuls les caract\u00e8res de num\u00e9ros de t\u00e9l\u00e9phone (#, -, *, etc.) sont accept\u00e9s.\">\n\n\t\t\t\t\t\t<\/div>\n\t\t\t\t\t\t\t\t<div class=\"elementor-field-type-select elementor-field-group elementor-column elementor-field-group-country elementor-col-50\">\n\t\t\t\t\t\t\t\t\t\t\t\t<label for=\"form-field-country\" class=\"elementor-field-label\">\n\t\t\t\t\t\t\t\tPays\t\t\t\t\t\t\t<\/label>\n\t\t\t\t\t\t\t\t<div class=\"elementor-field elementor-select-wrapper remove-before \">\n\t\t\t<div class=\"select-caret-down-wrapper\">\n\t\t\t\t<svg aria-hidden=\"true\" class=\"e-font-icon-svg e-eicon-caret-down\" viewBox=\"0 0 571.4 571.4\" xmlns=\"http:\/\/www.w3.org\/2000\/svg\"><path d=\"M571 393Q571 407 561 418L311 668Q300 679 286 679T261 668L11 418Q0 407 0 393T11 368 36 357H536Q550 357 561 368T571 393Z\"><\/path><\/svg>\t\t\t<\/div>\n\t\t\t<select name=\"form_fields[country]\" id=\"form-field-country\" class=\"elementor-field-textual elementor-size-sm\">\n\t\t\t\t\t\t\t\t\t<option value=\"-----\">-----<\/option>\n\t\t\t\t\t\t\t\t\t<option value=\"Afrique du Sud\">Afrique du Sud<\/option>\n\t\t\t\t\t\t\t\t\t<option value=\"Afghanistan\">Afghanistan<\/option>\n\t\t\t\t\t\t\t\t\t<option value=\"Albanie\">Albanie<\/option>\n\t\t\t\t\t\t\t\t\t<option value=\"Alg\u00e9rie\">Alg\u00e9rie<\/option>\n\t\t\t\t\t\t\t\t\t<option value=\"Allemagne\">Allemagne<\/option>\n\t\t\t\t\t\t\t\t\t<option value=\"Andorre\">Andorre<\/option>\n\t\t\t\t\t\t\t\t\t<option value=\"Angola\">Angola<\/option>\n\t\t\t\t\t\t\t\t\t<option value=\"Antigua-et-Barbuda\">Antigua-et-Barbuda<\/option>\n\t\t\t\t\t\t\t\t\t<option value=\"Arabie Saoudite\">Arabie Saoudite<\/option>\n\t\t\t\t\t\t\t\t\t<option value=\"Argentine\">Argentine<\/option>\n\t\t\t\t\t\t\t\t\t<option value=\"Arm\u00e9nie\">Arm\u00e9nie<\/option>\n\t\t\t\t\t\t\t\t\t<option value=\"Australie\">Australie<\/option>\n\t\t\t\t\t\t\t\t\t<option value=\"Autriche\">Autriche<\/option>\n\t\t\t\t\t\t\t\t\t<option value=\"Azerba\u00efdjan\">Azerba\u00efdjan<\/option>\n\t\t\t\t\t\t\t\t\t<option value=\"Bahamas\">Bahamas<\/option>\n\t\t\t\t\t\t\t\t\t<option value=\"Bahre\u00efn\">Bahre\u00efn<\/option>\n\t\t\t\t\t\t\t\t\t<option value=\"Bangladesh\">Bangladesh<\/option>\n\t\t\t\t\t\t\t\t\t<option value=\"Barbade\">Barbade<\/option>\n\t\t\t\t\t\t\t\t\t<option value=\"Belgique\">Belgique<\/option>\n\t\t\t\t\t\t\t\t\t<option value=\"Belize\">Belize<\/option>\n\t\t\t\t\t\t\t\t\t<option value=\"B\u00e9nin\">B\u00e9nin<\/option>\n\t\t\t\t\t\t\t\t\t<option value=\"Bhoutan\">Bhoutan<\/option>\n\t\t\t\t\t\t\t\t\t<option value=\"Bi\u00e9lorussie\">Bi\u00e9lorussie<\/option>\n\t\t\t\t\t\t\t\t\t<option value=\"Birmanie\">Birmanie<\/option>\n\t\t\t\t\t\t\t\t\t<option value=\"Bolivie\">Bolivie<\/option>\n\t\t\t\t\t\t\t\t\t<option value=\"Bosnie-Herz\u00e9govine\">Bosnie-Herz\u00e9govine<\/option>\n\t\t\t\t\t\t\t\t\t<option value=\"Botswana\">Botswana<\/option>\n\t\t\t\t\t\t\t\t\t<option value=\"Br\u00e9sil\">Br\u00e9sil<\/option>\n\t\t\t\t\t\t\t\t\t<option value=\"Brunei\">Brunei<\/option>\n\t\t\t\t\t\t\t\t\t<option value=\"Bulgarie\">Bulgarie<\/option>\n\t\t\t\t\t\t\t\t\t<option value=\"Burkina Faso\">Burkina Faso<\/option>\n\t\t\t\t\t\t\t\t\t<option value=\"Burundi\">Burundi<\/option>\n\t\t\t\t\t\t\t\t\t<option value=\"Cambodge\">Cambodge<\/option>\n\t\t\t\t\t\t\t\t\t<option value=\"Cameroun\">Cameroun<\/option>\n\t\t\t\t\t\t\t\t\t<option value=\"Canada\">Canada<\/option>\n\t\t\t\t\t\t\t\t\t<option value=\"Cap-Vert\">Cap-Vert<\/option>\n\t\t\t\t\t\t\t\t\t<option value=\"Chili\">Chili<\/option>\n\t\t\t\t\t\t\t\t\t<option value=\"Chine\">Chine<\/option>\n\t\t\t\t\t\t\t\t\t<option value=\"Chypre\">Chypre<\/option>\n\t\t\t\t\t\t\t\t\t<option value=\"Colombie\">Colombie<\/option>\n\t\t\t\t\t\t\t\t\t<option value=\"Comores\">Comores<\/option>\n\t\t\t\t\t\t\t\t\t<option value=\"Cor\u00e9e du Nord\">Cor\u00e9e du Nord<\/option>\n\t\t\t\t\t\t\t\t\t<option value=\"Cor\u00e9e du Sud\">Cor\u00e9e du Sud<\/option>\n\t\t\t\t\t\t\t\t\t<option value=\"Costa Rica\">Costa Rica<\/option>\n\t\t\t\t\t\t\t\t\t<option value=\"C\u00f4te d\u2019Ivoire\">C\u00f4te d\u2019Ivoire<\/option>\n\t\t\t\t\t\t\t\t\t<option value=\"Croatie\">Croatie<\/option>\n\t\t\t\t\t\t\t\t\t<option value=\"Cuba\">Cuba<\/option>\n\t\t\t\t\t\t\t\t\t<option value=\"Danemark\">Danemark<\/option>\n\t\t\t\t\t\t\t\t\t<option value=\"Djibouti\">Djibouti<\/option>\n\t\t\t\t\t\t\t\t\t<option value=\"Dominique\">Dominique<\/option>\n\t\t\t\t\t\t\t\t\t<option value=\"\u00c9gypte\">\u00c9gypte<\/option>\n\t\t\t\t\t\t\t\t\t<option value=\"\u00c9mirats arabes unis\">\u00c9mirats arabes unis<\/option>\n\t\t\t\t\t\t\t\t\t<option value=\"\u00c9quateur\">\u00c9quateur<\/option>\n\t\t\t\t\t\t\t\t\t<option value=\"\u00c9rythr\u00e9e\">\u00c9rythr\u00e9e<\/option>\n\t\t\t\t\t\t\t\t\t<option value=\"Espagne\">Espagne<\/option>\n\t\t\t\t\t\t\t\t\t<option value=\"Eswatini\">Eswatini<\/option>\n\t\t\t\t\t\t\t\t\t<option value=\"Estonie\">Estonie<\/option>\n\t\t\t\t\t\t\t\t\t<option value=\"\u00c9tats-Unis\">\u00c9tats-Unis<\/option>\n\t\t\t\t\t\t\t\t\t<option value=\"\u00c9thiopie\">\u00c9thiopie<\/option>\n\t\t\t\t\t\t\t\t\t<option value=\"Fidji\">Fidji<\/option>\n\t\t\t\t\t\t\t\t\t<option value=\"Finlande\">Finlande<\/option>\n\t\t\t\t\t\t\t\t\t<option value=\"France\">France<\/option>\n\t\t\t\t\t\t\t\t\t<option value=\"Gabon\">Gabon<\/option>\n\t\t\t\t\t\t\t\t\t<option value=\"Gambie\">Gambie<\/option>\n\t\t\t\t\t\t\t\t\t<option value=\"G\u00e9orgie\">G\u00e9orgie<\/option>\n\t\t\t\t\t\t\t\t\t<option value=\"Ghana\">Ghana<\/option>\n\t\t\t\t\t\t\t\t\t<option value=\"Gr\u00e8ce\">Gr\u00e8ce<\/option>\n\t\t\t\t\t\t\t\t\t<option value=\"Grenade\">Grenade<\/option>\n\t\t\t\t\t\t\t\t\t<option value=\"Guatemala\">Guatemala<\/option>\n\t\t\t\t\t\t\t\t\t<option value=\"Guin\u00e9e\">Guin\u00e9e<\/option>\n\t\t\t\t\t\t\t\t\t<option value=\"Guin\u00e9e \u00e9quatoriale\">Guin\u00e9e \u00e9quatoriale<\/option>\n\t\t\t\t\t\t\t\t\t<option value=\"Guin\u00e9e-Bissau\">Guin\u00e9e-Bissau<\/option>\n\t\t\t\t\t\t\t\t\t<option value=\"Guyana\">Guyana<\/option>\n\t\t\t\t\t\t\t\t\t<option value=\"Ha\u00efti\">Ha\u00efti<\/option>\n\t\t\t\t\t\t\t\t\t<option value=\"Honduras\">Honduras<\/option>\n\t\t\t\t\t\t\t\t\t<option value=\"Hongrie\">Hongrie<\/option>\n\t\t\t\t\t\t\t\t\t<option value=\"\u00celes Cook\">\u00celes Cook<\/option>\n\t\t\t\t\t\t\t\t\t<option value=\"\u00celes Marshall\">\u00celes Marshall<\/option>\n\t\t\t\t\t\t\t\t\t<option value=\"Inde\">Inde<\/option>\n\t\t\t\t\t\t\t\t\t<option value=\"Indon\u00e9sie\">Indon\u00e9sie<\/option>\n\t\t\t\t\t\t\t\t\t<option value=\"Irak\">Irak<\/option>\n\t\t\t\t\t\t\t\t\t<option value=\"Iran\">Iran<\/option>\n\t\t\t\t\t\t\t\t\t<option value=\"Irlande\">Irlande<\/option>\n\t\t\t\t\t\t\t\t\t<option value=\"Islande\">Islande<\/option>\n\t\t\t\t\t\t\t\t\t<option value=\"Isra\u00ebl\">Isra\u00ebl<\/option>\n\t\t\t\t\t\t\t\t\t<option value=\"Italie\">Italie<\/option>\n\t\t\t\t\t\t\t\t\t<option value=\"Jama\u00efque\">Jama\u00efque<\/option>\n\t\t\t\t\t\t\t\t\t<option value=\"Japon\">Japon<\/option>\n\t\t\t\t\t\t\t\t\t<option value=\"Jordanie\">Jordanie<\/option>\n\t\t\t\t\t\t\t\t\t<option value=\"Kazakhstan\">Kazakhstan<\/option>\n\t\t\t\t\t\t\t\t\t<option value=\"Kenya\">Kenya<\/option>\n\t\t\t\t\t\t\t\t\t<option value=\"Kirghizistan\">Kirghizistan<\/option>\n\t\t\t\t\t\t\t\t\t<option value=\"Kiribati\">Kiribati<\/option>\n\t\t\t\t\t\t\t\t\t<option value=\"Kowe\u00eft\">Kowe\u00eft<\/option>\n\t\t\t\t\t\t\t\t\t<option value=\"Laos\">Laos<\/option>\n\t\t\t\t\t\t\t\t\t<option value=\"Lesotho\">Lesotho<\/option>\n\t\t\t\t\t\t\t\t\t<option value=\"Lettonie\">Lettonie<\/option>\n\t\t\t\t\t\t\t\t\t<option value=\"Liban\">Liban<\/option>\n\t\t\t\t\t\t\t\t\t<option value=\"Liberia\">Liberia<\/option>\n\t\t\t\t\t\t\t\t\t<option value=\"Libye\">Libye<\/option>\n\t\t\t\t\t\t\t\t\t<option value=\"Liechtenstein\">Liechtenstein<\/option>\n\t\t\t\t\t\t\t\t\t<option value=\"Lituanie\">Lituanie<\/option>\n\t\t\t\t\t\t\t\t\t<option value=\"Luxembourg\">Luxembourg<\/option>\n\t\t\t\t\t\t\t\t\t<option value=\"Mac\u00e9doine\">Mac\u00e9doine<\/option>\n\t\t\t\t\t\t\t\t\t<option value=\"Madagascar\">Madagascar<\/option>\n\t\t\t\t\t\t\t\t\t<option value=\"Malaisie\">Malaisie<\/option>\n\t\t\t\t\t\t\t\t\t<option value=\"Malawi\">Malawi<\/option>\n\t\t\t\t\t\t\t\t\t<option value=\"Maldives\">Maldives<\/option>\n\t\t\t\t\t\t\t\t\t<option value=\"Mali\">Mali<\/option>\n\t\t\t\t\t\t\t\t\t<option value=\"Malte\">Malte<\/option>\n\t\t\t\t\t\t\t\t\t<option value=\"Maroc\">Maroc<\/option>\n\t\t\t\t\t\t\t\t\t<option value=\"Maurice\">Maurice<\/option>\n\t\t\t\t\t\t\t\t\t<option value=\"Mauritanie\">Mauritanie<\/option>\n\t\t\t\t\t\t\t\t\t<option value=\"Mexique\">Mexique<\/option>\n\t\t\t\t\t\t\t\t\t<option value=\"Micron\u00e9sie\">Micron\u00e9sie<\/option>\n\t\t\t\t\t\t\t\t\t<option value=\"Moldavie\">Moldavie<\/option>\n\t\t\t\t\t\t\t\t\t<option value=\"Monaco\">Monaco<\/option>\n\t\t\t\t\t\t\t\t\t<option value=\"Mongolie\">Mongolie<\/option>\n\t\t\t\t\t\t\t\t\t<option value=\"Mont\u00e9n\u00e9gro\">Mont\u00e9n\u00e9gro<\/option>\n\t\t\t\t\t\t\t\t\t<option value=\"Mozambique\">Mozambique<\/option>\n\t\t\t\t\t\t\t\t\t<option value=\"Namibie\">Namibie<\/option>\n\t\t\t\t\t\t\t\t\t<option value=\"Nauru\">Nauru<\/option>\n\t\t\t\t\t\t\t\t\t<option value=\"N\u00e9pal\">N\u00e9pal<\/option>\n\t\t\t\t\t\t\t\t\t<option value=\"Nicaragua\">Nicaragua<\/option>\n\t\t\t\t\t\t\t\t\t<option value=\"Niger\">Niger<\/option>\n\t\t\t\t\t\t\t\t\t<option value=\"Nigeria\">Nigeria<\/option>\n\t\t\t\t\t\t\t\t\t<option value=\"Niue\">Niue<\/option>\n\t\t\t\t\t\t\t\t\t<option value=\"Norv\u00e8ge\">Norv\u00e8ge<\/option>\n\t\t\t\t\t\t\t\t\t<option value=\"Nouvelle-Z\u00e9lande\">Nouvelle-Z\u00e9lande<\/option>\n\t\t\t\t\t\t\t\t\t<option value=\"Oman\">Oman<\/option>\n\t\t\t\t\t\t\t\t\t<option value=\"Ouganda\">Ouganda<\/option>\n\t\t\t\t\t\t\t\t\t<option value=\"Ouzb\u00e9kistan\">Ouzb\u00e9kistan<\/option>\n\t\t\t\t\t\t\t\t\t<option value=\"Pakistan\">Pakistan<\/option>\n\t\t\t\t\t\t\t\t\t<option value=\"Palaos\">Palaos<\/option>\n\t\t\t\t\t\t\t\t\t<option value=\"Palestine\">Palestine<\/option>\n\t\t\t\t\t\t\t\t\t<option value=\"Panama\">Panama<\/option>\n\t\t\t\t\t\t\t\t\t<option value=\"Papouasie-Nouvelle-Guin\u00e9e\">Papouasie-Nouvelle-Guin\u00e9e<\/option>\n\t\t\t\t\t\t\t\t\t<option value=\"Paraguay\">Paraguay<\/option>\n\t\t\t\t\t\t\t\t\t<option value=\"Pays-Bas\">Pays-Bas<\/option>\n\t\t\t\t\t\t\t\t\t<option value=\"P\u00e9rou\">P\u00e9rou<\/option>\n\t\t\t\t\t\t\t\t\t<option value=\"Philippines\">Philippines<\/option>\n\t\t\t\t\t\t\t\t\t<option value=\"Pologne\">Pologne<\/option>\n\t\t\t\t\t\t\t\t\t<option value=\"Portugal\">Portugal<\/option>\n\t\t\t\t\t\t\t\t\t<option value=\"Qatar\">Qatar<\/option>\n\t\t\t\t\t\t\t\t\t<option value=\"R\u00e9publique centrafricaine\">R\u00e9publique centrafricaine<\/option>\n\t\t\t\t\t\t\t\t\t<option value=\"R\u00e9publique d\u00e9mocratique du Congo\">R\u00e9publique d\u00e9mocratique du Congo<\/option>\n\t\t\t\t\t\t\t\t\t<option value=\"R\u00e9publique Dominicaine\">R\u00e9publique Dominicaine<\/option>\n\t\t\t\t\t\t\t\t\t<option value=\"R\u00e9publique du Congo\">R\u00e9publique du Congo<\/option>\n\t\t\t\t\t\t\t\t\t<option value=\"R\u00e9publique tch\u00e8que\">R\u00e9publique tch\u00e8que<\/option>\n\t\t\t\t\t\t\t\t\t<option value=\"Roumanie\">Roumanie<\/option>\n\t\t\t\t\t\t\t\t\t<option value=\"Royaume-Uni\">Royaume-Uni<\/option>\n\t\t\t\t\t\t\t\t\t<option value=\"Russie\">Russie<\/option>\n\t\t\t\t\t\t\t\t\t<option value=\"Rwanda\">Rwanda<\/option>\n\t\t\t\t\t\t\t\t\t<option value=\"Saint-Kitts-et-Nevis\">Saint-Kitts-et-Nevis<\/option>\n\t\t\t\t\t\t\t\t\t<option value=\"Saint-Vincent-et-les-Grenadines\">Saint-Vincent-et-les-Grenadines<\/option>\n\t\t\t\t\t\t\t\t\t<option value=\"Sainte-Lucie\">Sainte-Lucie<\/option>\n\t\t\t\t\t\t\t\t\t<option value=\"Saint-Marin\">Saint-Marin<\/option>\n\t\t\t\t\t\t\t\t\t<option value=\"Salomon\">Salomon<\/option>\n\t\t\t\t\t\t\t\t\t<option value=\"Salvador\">Salvador<\/option>\n\t\t\t\t\t\t\t\t\t<option value=\"Samoa\">Samoa<\/option>\n\t\t\t\t\t\t\t\t\t<option value=\"S\u00e3o Tom\u00e9-et-Principe\">S\u00e3o Tom\u00e9-et-Principe<\/option>\n\t\t\t\t\t\t\t\t\t<option value=\"S\u00e9n\u00e9gal\">S\u00e9n\u00e9gal<\/option>\n\t\t\t\t\t\t\t\t\t<option value=\"Serbie\">Serbie<\/option>\n\t\t\t\t\t\t\t\t\t<option value=\"Seychelles\">Seychelles<\/option>\n\t\t\t\t\t\t\t\t\t<option value=\"Sierra Leone\">Sierra Leone<\/option>\n\t\t\t\t\t\t\t\t\t<option value=\"Singapour\">Singapour<\/option>\n\t\t\t\t\t\t\t\t\t<option value=\"Slovaquie\">Slovaquie<\/option>\n\t\t\t\t\t\t\t\t\t<option value=\"Slov\u00e9nie\">Slov\u00e9nie<\/option>\n\t\t\t\t\t\t\t\t\t<option value=\"Somalie\">Somalie<\/option>\n\t\t\t\t\t\t\t\t\t<option value=\"Soudan\">Soudan<\/option>\n\t\t\t\t\t\t\t\t\t<option value=\"Soudan du Sud\">Soudan du Sud<\/option>\n\t\t\t\t\t\t\t\t\t<option value=\"Sri Lanka\">Sri Lanka<\/option>\n\t\t\t\t\t\t\t\t\t<option value=\"Su\u00e8de\">Su\u00e8de<\/option>\n\t\t\t\t\t\t\t\t\t<option value=\"Suisse\">Suisse<\/option>\n\t\t\t\t\t\t\t\t\t<option value=\"Suriname\">Suriname<\/option>\n\t\t\t\t\t\t\t\t\t<option value=\"Syrie\">Syrie<\/option>\n\t\t\t\t\t\t\t\t\t<option value=\"Tadjikistan\">Tadjikistan<\/option>\n\t\t\t\t\t\t\t\t\t<option value=\"Tanzanie\">Tanzanie<\/option>\n\t\t\t\t\t\t\t\t\t<option value=\"Tchad\">Tchad<\/option>\n\t\t\t\t\t\t\t\t\t<option value=\"Tha\u00eflande\">Tha\u00eflande<\/option>\n\t\t\t\t\t\t\t\t\t<option value=\"Timor oriental\">Timor oriental<\/option>\n\t\t\t\t\t\t\t\t\t<option value=\"Togo\">Togo<\/option>\n\t\t\t\t\t\t\t\t\t<option value=\"Tonga\">Tonga<\/option>\n\t\t\t\t\t\t\t\t\t<option value=\"Trinit\u00e9-et-Tobago\">Trinit\u00e9-et-Tobago<\/option>\n\t\t\t\t\t\t\t\t\t<option value=\"Tunisie\">Tunisie<\/option>\n\t\t\t\t\t\t\t\t\t<option value=\"Turkm\u00e9nistan\">Turkm\u00e9nistan<\/option>\n\t\t\t\t\t\t\t\t\t<option value=\"Turquie\">Turquie<\/option>\n\t\t\t\t\t\t\t\t\t<option value=\"Tuvalu\">Tuvalu<\/option>\n\t\t\t\t\t\t\t\t\t<option value=\"Ukraine\">Ukraine<\/option>\n\t\t\t\t\t\t\t\t\t<option value=\"Uruguay\">Uruguay<\/option>\n\t\t\t\t\t\t\t\t\t<option value=\"Vanuatu\">Vanuatu<\/option>\n\t\t\t\t\t\t\t\t\t<option value=\"Vatican\">Vatican<\/option>\n\t\t\t\t\t\t\t\t\t<option value=\"Venezuela\">Venezuela<\/option>\n\t\t\t\t\t\t\t\t\t<option value=\"Vi\u00eat Nam\">Vi\u00eat Nam<\/option>\n\t\t\t\t\t\t\t\t\t<option value=\"Y\u00e9men\">Y\u00e9men<\/option>\n\t\t\t\t\t\t\t\t\t<option value=\"Zambie\">Zambie<\/option>\n\t\t\t\t\t\t\t\t\t<option value=\"Zimbabwe\">Zimbabwe<\/option>\n\t\t\t\t\t\t\t<\/select>\n\t\t<\/div>\n\t\t\t\t\t\t<\/div>\n\t\t\t\t\t\t\t\t<div class=\"elementor-field-type-email elementor-field-group elementor-column elementor-field-group-email elementor-col-50\">\n\t\t\t\t\t\t\t\t\t\t\t\t<label for=\"form-field-email\" class=\"elementor-field-label\">\n\t\t\t\t\t\t\t\tCourriel\t\t\t\t\t\t\t<\/label>\n\t\t\t\t\t\t\t\t\t\t\t\t\t\t<input size=\"1\" type=\"email\" name=\"form_fields[email]\" id=\"form-field-email\" class=\"elementor-field elementor-size-sm  elementor-field-textual\">\n\t\t\t\t\t\t\t\t\t\t\t<\/div>\n\t\t\t\t\t\t\t\t<div class=\"elementor-field-type-select elementor-field-group elementor-column elementor-field-group-field_3199cba elementor-col-100\">\n\t\t\t\t\t\t\t\t\t\t\t\t<label for=\"form-field-field_3199cba\" class=\"elementor-field-label\">\n\t\t\t\t\t\t\t\tComment avez-vous entendu parler de nous ?\t\t\t\t\t\t\t<\/label>\n\t\t\t\t\t\t\t\t<div class=\"elementor-field elementor-select-wrapper remove-before \">\n\t\t\t<div class=\"select-caret-down-wrapper\">\n\t\t\t\t<svg aria-hidden=\"true\" class=\"e-font-icon-svg e-eicon-caret-down\" viewBox=\"0 0 571.4 571.4\" xmlns=\"http:\/\/www.w3.org\/2000\/svg\"><path d=\"M571 393Q571 407 561 418L311 668Q300 679 286 679T261 668L11 418Q0 407 0 393T11 368 36 357H536Q550 357 561 368T571 393Z\"><\/path><\/svg>\t\t\t<\/div>\n\t\t\t<select name=\"form_fields[field_3199cba]\" id=\"form-field-field_3199cba\" class=\"elementor-field-textual elementor-size-sm\">\n\t\t\t\t\t\t\t\t\t<option value=\"-----\">-----<\/option>\n\t\t\t\t\t\t\t\t\t<option value=\"Moteur de recherche \/ Google\">Moteur de recherche \/ Google<\/option>\n\t\t\t\t\t\t\t\t\t<option value=\"R\u00e9seaux sociaux\">R\u00e9seaux sociaux<\/option>\n\t\t\t\t\t\t\t\t\t<option value=\"Autres sites web \/ blogs\">Autres sites web \/ blogs<\/option>\n\t\t\t\t\t\t\t\t\t<option value=\"Contact direct avec notre \u00e9quipe\">Contact direct avec notre \u00e9quipe<\/option>\n\t\t\t\t\t\t\t\t\t<option value=\"Salon \/ Exposition\">Salon \/ Exposition<\/option>\n\t\t\t\t\t\t\t<\/select>\n\t\t<\/div>\n\t\t\t\t\t\t<\/div>\n\t\t\t\t\t\t\t\t<div class=\"elementor-field-type-textarea elementor-field-group elementor-column elementor-field-group-message elementor-col-100\">\n\t\t\t\t\t\t\t\t\t\t\t\t<label for=\"form-field-message\" class=\"elementor-field-label\">\n\t\t\t\t\t\t\t\tMessage\t\t\t\t\t\t\t<\/label>\n\t\t\t\t\t\t<textarea class=\"elementor-field-textual elementor-field  elementor-size-sm\" name=\"form_fields[message]\" id=\"form-field-message\" rows=\"4\"><\/textarea>\t\t\t\t<\/div>\n\t\t\t\t\t\t\t\t<div class=\"elementor-field-type-acceptance elementor-field-group elementor-column elementor-field-group-inscriptionnews elementor-col-100 elementor-field-required\">\n\t\t\t\t\t\t\t<div class=\"elementor-field-subgroup\">\n\t\t\t<span class=\"elementor-field-option\">\n\t\t\t\t<input type=\"checkbox\" name=\"form_fields[inscriptionnews]\" id=\"form-field-inscriptionnews\" class=\"elementor-field elementor-size-sm  elementor-acceptance-field\" required=\"required\">\n\t\t\t\t<label for=\"form-field-inscriptionnews\">En soumettant ce formulaire, j'accepte les Conditions d'Utilisation. <\/label>\t\t\t<\/span>\n\t\t<\/div>\n\t\t\t\t\t\t<\/div>\n\t\t\t\t\t\t\t\t<div class=\"elementor-field-type-text\">\n\t\t\t\t\t<input size=\"1\" type=\"text\" name=\"form_fields[field_e20502e]\" id=\"form-field-field_e20502e\" class=\"elementor-field elementor-size-sm \" style=\"display:none !important;\">\t\t\t\t<\/div>\n\t\t\t\t\t\t\t\t<div class=\"elementor-field-type-recaptcha_v3 elementor-field-group elementor-column elementor-field-group-field_19faedf elementor-col-100 recaptcha_v3-bottomright\">\n\t\t\t\t\t<div class=\"elementor-field\" id=\"form-field-field_19faedf\"><div class=\"elementor-g-recaptcha\" data-sitekey=\"6Let2C8nAAAAAGTrw4xbhc2sbQc7TQaU2DBLC2bV\" data-type=\"v3\" data-action=\"Form\" data-badge=\"bottomright\" data-size=\"invisible\"><\/div><\/div>\t\t\t\t<\/div>\n\t\t\t\t\t\t\t\t<div class=\"elementor-field-group elementor-column elementor-field-type-submit elementor-col-100 e-form__buttons\">\n\t\t\t\t\t<button class=\"elementor-button elementor-size-sm\" type=\"submit\">\n\t\t\t\t\t\t<span class=\"elementor-button-content-wrapper\">\n\t\t\t\t\t\t\t\t\t\t\t\t\t\t\t\t\t\t\t\t\t\t<span class=\"elementor-button-text\">Envoyer<\/span>\n\t\t\t\t\t\t\t\t\t\t\t\t\t<\/span>\n\t\t\t\t\t<\/button>\n\t\t\t\t<\/div>\n\t\t\t<\/div>\n\t\t<\/form>\n\t\t\t\t\t\t<\/div>\n\t\t\t\t<\/div>\n\t\t\t\t\t<\/div>\n\t\t\t\t<\/div>\n\t\t\t\t<\/div>\n\t\t","protected":false},"excerpt":{"rendered":"<p>Home Contact our Sales Rep Network Send a message<\/p>\n","protected":false},"author":8,"featured_media":0,"parent":20915,"menu_order":0,"comment_status":"open","ping_status":"closed","template":"elementor_header_footer","meta":{"_seopress_robots_primary_cat":"","_seopress_titles_title":"Contact your local Sales Rep for ASIC Design & Supply","_seopress_titles_desc":"Turn your idea into a differentiated ASIC solution exclusive and custom-made to help you achieve your business goals.","_seopress_robots_index":"","footnotes":""},"class_list":["post-20998","page","type-page","status-publish"],"_links":{"self":[{"href":"https:\/\/www.icalps.com\/fr\/wp-json\/wp\/v2\/pages\/20998","targetHints":{"allow":["GET"]}}],"collection":[{"href":"https:\/\/www.icalps.com\/fr\/wp-json\/wp\/v2\/pages"}],"about":[{"href":"https:\/\/www.icalps.com\/fr\/wp-json\/wp\/v2\/types\/page"}],"author":[{"embeddable":true,"href":"https:\/\/www.icalps.com\/fr\/wp-json\/wp\/v2\/users\/8"}],"replies":[{"embeddable":true,"href":"https:\/\/www.icalps.com\/fr\/wp-json\/wp\/v2\/comments?post=20998"}],"version-history":[{"count":0,"href":"https:\/\/www.icalps.com\/fr\/wp-json\/wp\/v2\/pages\/20998\/revisions"}],"up":[{"embeddable":true,"href":"https:\/\/www.icalps.com\/fr\/wp-json\/wp\/v2\/pages\/20915"}],"wp:attachment":[{"href":"https:\/\/www.icalps.com\/fr\/wp-json\/wp\/v2\/media?parent=20998"}],"curies":[{"name":"wp","href":"https:\/\/api.w.org\/{rel}","templated":true}]}}