{"id":163854,"date":"2026-03-24T10:28:44","date_gmt":"2026-03-24T09:28:44","guid":{"rendered":"https:\/\/www.icalps.com\/?page_id=163854"},"modified":"2026-03-24T10:29:26","modified_gmt":"2026-03-24T09:29:26","slug":"chargee-marketing-digital","status":"publish","type":"page","link":"https:\/\/www.icalps.com\/fr\/carrieres\/chargee-marketing-digital\/","title":{"rendered":"Charg\u00e9(e) Marketing Digital"},"content":{"rendered":"\t\t<div data-elementor-type=\"wp-page\" data-elementor-id=\"163854\" class=\"elementor elementor-163854\" data-elementor-post-type=\"page\">\n\t\t\t\t<div class=\"elementor-element elementor-element-4328f5c e-flex e-con-boxed e-con e-parent\" data-id=\"4328f5c\" data-element_type=\"container\" data-e-type=\"container\" data-settings=\"{&quot;background_background&quot;:&quot;classic&quot;,&quot;jet_parallax_layout_list&quot;:[]}\">\n\t\t\t\t\t<div class=\"e-con-inner\">\n\t\t\t\t<div class=\"elementor-element elementor-element-d0ee090 elementor-widget elementor-widget-heading\" data-id=\"d0ee090\" data-element_type=\"widget\" data-e-type=\"widget\" data-widget_type=\"heading.default\">\n\t\t\t\t<div class=\"elementor-widget-container\">\n\t\t\t\t\t<h1 class=\"elementor-heading-title elementor-size-default\">Charg\u00e9(e) Marketing Digital<\/h1>\t\t\t\t<\/div>\n\t\t\t\t<\/div>\n\t\t\t\t<div class=\"elementor-element elementor-element-b2c9b64 elementor-widget-divider--view-line elementor-widget elementor-widget-divider\" data-id=\"b2c9b64\" data-element_type=\"widget\" data-e-type=\"widget\" data-widget_type=\"divider.default\">\n\t\t\t\t<div class=\"elementor-widget-container\">\n\t\t\t\t\t\t\t<div class=\"elementor-divider\">\n\t\t\t<span class=\"elementor-divider-separator\">\n\t\t\t\t\t\t<\/span>\n\t\t<\/div>\n\t\t\t\t\t\t<\/div>\n\t\t\t\t<\/div>\n\t\t\t\t\t<\/div>\n\t\t\t\t<\/div>\n\t\t<div class=\"elementor-element elementor-element-2590c1d e-flex e-con-boxed e-con e-parent\" data-id=\"2590c1d\" data-element_type=\"container\" data-e-type=\"container\" data-settings=\"{&quot;jet_parallax_layout_list&quot;:[]}\">\n\t\t\t\t\t<div class=\"e-con-inner\">\n\t\t\t\t<div class=\"elementor-element elementor-element-7780f6e elementor-widget elementor-widget-spacer\" data-id=\"7780f6e\" data-element_type=\"widget\" data-e-type=\"widget\" data-widget_type=\"spacer.default\">\n\t\t\t\t<div class=\"elementor-widget-container\">\n\t\t\t\t\t\t\t<div class=\"elementor-spacer\">\n\t\t\t<div class=\"elementor-spacer-inner\"><\/div>\n\t\t<\/div>\n\t\t\t\t\t\t<\/div>\n\t\t\t\t<\/div>\n\t\t\t\t<div class=\"elementor-element elementor-element-4191664 elementor-widget elementor-widget-heading\" data-id=\"4191664\" data-element_type=\"widget\" data-e-type=\"widget\" data-widget_type=\"heading.default\">\n\t\t\t\t<div class=\"elementor-widget-container\">\n\t\t\t\t\t<h2 class=\"elementor-heading-title elementor-size-default\">Charg\u00e9(e) Marketing Digital<\/h2>\t\t\t\t<\/div>\n\t\t\t\t<\/div>\n\t\t\t\t<div class=\"elementor-element elementor-element-463b063 elementor-widget elementor-widget-text-editor\" data-id=\"463b063\" data-element_type=\"widget\" data-e-type=\"widget\" data-widget_type=\"text-editor.default\">\n\t\t\t\t<div class=\"elementor-widget-container\">\n\t\t\t\t\t\t\t\t\t<section class=\"company-description\"><p><strong>SEALSQ (NASDAQ: LAES)<\/strong> est un acteur international en forte croissance, sp\u00e9cialis\u00e9 dans les technologies de s\u00e9curit\u00e9 num\u00e9rique et les semi-conducteurs avanc\u00e9s.<\/p><p>Le groupe d\u00e9veloppe des solutions innovantes dans les domaines suivants :<\/p><ul><li>Cryptographie post-quantique<\/li><li>Semi-conducteurs s\u00e9curis\u00e9s<\/li><li>Services PKI<\/li><li>Conception et production de circuits int\u00e9gr\u00e9s sur mesure (ASIC)<\/li><li>Personnalisation &amp; Tests de microcontr\u00f4leurs<\/li><\/ul><p>Pr\u00e9sente \u00e0 Gen\u00e8ve, Meyreuil, Grenoble et Toulouse, l\u2019entreprise se situe \u00e0 la crois\u00e9e de plusieurs technologies de pointe : quantique, intelligence artificielle et semi-conducteurs avanc\u00e9s.<\/p><p>En 2025, SEALSQ a franchi le seuil symbolique du milliard de dollars de valorisation, port\u00e9e par une forte croissance, des acquisitions strat\u00e9giques et le d\u00e9veloppement de solutions technologiques de nouvelle g\u00e9n\u00e9ration.<\/p><p>\u00c0 l\u2019image de son partenariat sportif avec l\u2019\u00e9curie BWT Alpine F1 Team, SEALSQ \u00e9volue dans un environnement international dynamique, o\u00f9 l\u2019innovation est rapide et o\u00f9 chaque contribution compte.<\/p><p>Si vous \u00eates passionn\u00e9(e) par les technologies de pointe et souhaitez \u00e9voluer dans un secteur strat\u00e9gique et en pleine transformation, SEALSQ offre un environnement stimulant pour d\u00e9velopper vos comp\u00e9tences et relever des d\u00e9fis ambitieux.<\/p><p>SEALSQ recherche actuellement un <strong>Charg\u00e9 de Marketing Digital<\/strong> bas\u00e9 \u00e0 Grenoble, au c\u0153ur de la \u00ab tech vall\u00e9e \u00bb fran\u00e7aise, dans les locaux h\u00e9bergeant nos activit\u00e9s de conception de circuits int\u00e9gr\u00e9s sur mesure (IC\u2019Alps).<\/p><\/section>\t\t\t\t\t\t\t\t<\/div>\n\t\t\t\t<\/div>\n\t\t\t\t<div class=\"elementor-element elementor-element-58a71c5 elementor-widget elementor-widget-spacer\" data-id=\"58a71c5\" data-element_type=\"widget\" data-e-type=\"widget\" data-widget_type=\"spacer.default\">\n\t\t\t\t<div class=\"elementor-widget-container\">\n\t\t\t\t\t\t\t<div class=\"elementor-spacer\">\n\t\t\t<div class=\"elementor-spacer-inner\"><\/div>\n\t\t<\/div>\n\t\t\t\t\t\t<\/div>\n\t\t\t\t<\/div>\n\t\t\t\t<div class=\"elementor-element elementor-element-cc96e79 elementor-widget elementor-widget-heading\" data-id=\"cc96e79\" data-element_type=\"widget\" data-e-type=\"widget\" data-widget_type=\"heading.default\">\n\t\t\t\t<div class=\"elementor-widget-container\">\n\t\t\t\t\t<h2 class=\"elementor-heading-title elementor-size-default\">Vos missions<\/h2>\t\t\t\t<\/div>\n\t\t\t\t<\/div>\n\t\t\t\t<div class=\"elementor-element elementor-element-2c03064 elementor-widget elementor-widget-text-editor\" data-id=\"2c03064\" data-element_type=\"widget\" data-e-type=\"widget\" data-widget_type=\"text-editor.default\">\n\t\t\t\t<div class=\"elementor-widget-container\">\n\t\t\t\t\t\t\t\t\t<section class=\"job-description\">\n  <p>\n    Au sein de l\u2019\u00e9quipe marketing et rattach\u00e9 \u00e0 la Directrice Marketing Digital, vous assurez un support op\u00e9rationnel cl\u00e9 dans la cr\u00e9ation et le d\u00e9ploiement de campagnes marketing multi-canaux (emailing, web, r\u00e9seaux sociaux).\n    Vous contribuez \u00e9galement \u00e0 activer les diff\u00e9rents leviers du funnel marketing, de la g\u00e9n\u00e9ration de visibilit\u00e9 (awareness) \u00e0 l\u2019engagement des audiences et \u00e0 la g\u00e9n\u00e9ration de leads qualifi\u00e9s, afin de soutenir les objectifs commerciaux dans un environnement B2B technologique exigeant et innovant.\n  <\/p>\n\n  <ul>\n    <li>\n      <strong>D\u00e9ploiement des campagnes digitales et g\u00e9n\u00e9ration de leads<\/strong>\n      <ul>\n        <li>Concevoir et int\u00e9grer des campagnes marketing (e-mails, landing pages, formulaires) via HubSpot CMS \/ Marketing Hub et WordPress<\/li>\n        <li>Param\u00e9trer les ciblages et segmentations selon les personas B2B<\/li>\n        <li>Planifier, tester et assurer le contr\u00f4le qualit\u00e9 des campagnes avant lancement<\/li>\n        <li>Contribuer \u00e0 l\u2019optimisation des actions SEO \/ SEA<\/li>\n        <li>Participer \u00e0 la pr\u00e9paration et au suivi des campagnes paid media (cr\u00e9ation des visuels, ciblage, suivi des performances)<\/li>\n      <\/ul>\n    <\/li>\n\n    <li>\n      <strong>Animation des r\u00e9seaux sociaux et visibilit\u00e9 digitale<\/strong>\n      <ul>\n        <li>Cr\u00e9er, planifier et publier des contenus sur les r\u00e9seaux sociaux (X, Linkedin&#8230;)<\/li>\n        <li>Assurer le community management (mod\u00e9ration, r\u00e9ponses et alerte de la Responsable Marketing Digital en cas de sujets sensibles)<\/li>\n        <li>Suivre les indicateurs d\u2019engagement et identifier des axes d\u2019am\u00e9lioration<\/li>\n        <li>Participer \u00e0 la promotion de l\u2019offre de produits et services et \u00e0 la valorisation des expertises<\/li>\n        <li>Contribuer \u00e0 l\u2019\u00e9volution des supports online (site web, contenus \u00e9ditoriaux : articles, livres blancs, infographies, flyers&#8230;)<\/li>\n      <\/ul>\n    <\/li>\n  <\/ul>\n\n  <h3>Interactions et fr\u00e9quence :<\/h3>\n\n  <ul>\n    <li>\n      <strong>Externes (en anglais et fran\u00e7ais par \u00e9crit et oral)<\/strong>\n      <ul>\n        <li>Partenaires externes, prestataires et fournisseurs : occasionnellement<\/li>\n        <li>Clients : occasionnellement<\/li>\n      <\/ul>\n    <\/li>\n\n    <li>\n      <strong>Internes (principalement en fran\u00e7ais \u00e0 l\u2019oral et en anglais par \u00e9crit)<\/strong>\n      <ul>\n        <li>Equipe MarCom : r\u00e9guli\u00e8rement<\/li>\n        <li>Product Marketing (ASIC &#038; Secure Products) : r\u00e9guli\u00e8rement<\/li>\n        <li>Equipe Commerciale : r\u00e9guli\u00e8rement<\/li>\n        <li>Responsables projet internes : r\u00e9guli\u00e8rement<\/li>\n        <li>Equipe R&amp;D : r\u00e9guli\u00e8rement<\/li>\n      <\/ul>\n    <\/li>\n  <\/ul>\n<\/section>\t\t\t\t\t\t\t\t<\/div>\n\t\t\t\t<\/div>\n\t\t\t\t<div class=\"elementor-element elementor-element-de0da8a elementor-widget elementor-widget-spacer\" data-id=\"de0da8a\" data-element_type=\"widget\" data-e-type=\"widget\" data-widget_type=\"spacer.default\">\n\t\t\t\t<div class=\"elementor-widget-container\">\n\t\t\t\t\t\t\t<div class=\"elementor-spacer\">\n\t\t\t<div class=\"elementor-spacer-inner\"><\/div>\n\t\t<\/div>\n\t\t\t\t\t\t<\/div>\n\t\t\t\t<\/div>\n\t\t\t\t<div class=\"elementor-element elementor-element-1365e7c elementor-widget elementor-widget-heading\" data-id=\"1365e7c\" data-element_type=\"widget\" data-e-type=\"widget\" data-widget_type=\"heading.default\">\n\t\t\t\t<div class=\"elementor-widget-container\">\n\t\t\t\t\t<h2 class=\"elementor-heading-title elementor-size-default\">Votre profil<\/h2>\t\t\t\t<\/div>\n\t\t\t\t<\/div>\n\t\t\t\t<div class=\"elementor-element elementor-element-f530edb elementor-widget elementor-widget-text-editor\" data-id=\"f530edb\" data-element_type=\"widget\" data-e-type=\"widget\" data-widget_type=\"text-editor.default\">\n\t\t\t\t<div class=\"elementor-widget-container\">\n\t\t\t\t\t\t\t\t\t<section class=\"job-requirements\">\n  <ul>\n    <li>Niveau Bac+4\/+5 en marketing digital<\/li>\n\n    <li>\n      Exp\u00e9rience : environ 3 \u00e0 5 ans, avec id\u00e9alement une 1\u00e8re exp\u00e9rience en marketing B2B et ayant un int\u00e9r\u00eat pour l\u2019\u00e9lectronique \/ les domaines de haute technologie\n    <\/li>\n\n    <li>\n      Anglais courant indispensable (\u00e9crit et parl\u00e9) : l\u2019ensemble des communications et supports \u00e9tant en anglais\n    <\/li>\n\n    <li>\n      <strong>Ma\u00eetrise des techniques de marketing digital :<\/strong>\n      <ul>\n        <li>SEO \/ SEA<\/li>\n        <li>Inbound marketing<\/li>\n        <li>Emailing et g\u00e9n\u00e9ration de leads<\/li>\n        <li>Bonne ma\u00eetrise des outils d\u2019analyse (Google Analytics, Semrush&#8230;)<\/li>\n        <li>Exp\u00e9rience avec WordPress ou CMS similaires<\/li>\n        <li>\u00c0 l\u2019aise avec les plateformes CRM\/Marketing automation (HubSpot est un vrai atout)<\/li>\n      <\/ul>\n    <\/li>\n\n    <li>\n      Connaissance des outils de cr\u00e9ation graphique (Adobe InDesign, Photoshop, Canva)\n    <\/li>\n\n    <li>\n      Disponible pour d\u00e9placements occasionnels (Toulouse, Aix-en-Provence)\n    <\/li>\n\n    <li>\n      <strong>Qualit\u00e9s :<\/strong>\n      <ul>\n        <li>Excellentes qualit\u00e9s r\u00e9dactionnelles et expression orale<\/li>\n        <li>Grande rigueur et sens du d\u00e9tail<\/li>\n        <li>Esprit collaboratif et bonnes comp\u00e9tences en communication<\/li>\n        <li>Curieux et d\u00e9sireux d\u2019apprendre, notamment dans un environnement technologique et tourn\u00e9 vers l\u2019innovation<\/li>\n      <\/ul>\n    <\/li>\n  <\/ul>\n<\/section>\t\t\t\t\t\t\t\t<\/div>\n\t\t\t\t<\/div>\n\t\t\t\t<div class=\"elementor-element elementor-element-e93ae73 elementor-widget elementor-widget-spacer\" data-id=\"e93ae73\" data-element_type=\"widget\" data-e-type=\"widget\" data-widget_type=\"spacer.default\">\n\t\t\t\t<div class=\"elementor-widget-container\">\n\t\t\t\t\t\t\t<div class=\"elementor-spacer\">\n\t\t\t<div class=\"elementor-spacer-inner\"><\/div>\n\t\t<\/div>\n\t\t\t\t\t\t<\/div>\n\t\t\t\t<\/div>\n\t\t\t\t<div class=\"elementor-element elementor-element-f6f9982 elementor-widget elementor-widget-heading\" data-id=\"f6f9982\" data-element_type=\"widget\" data-e-type=\"widget\" data-widget_type=\"heading.default\">\n\t\t\t\t<div class=\"elementor-widget-container\">\n\t\t\t\t\t<h3 class=\"elementor-heading-title elementor-size-default\">Conditions<\/h3>\t\t\t\t<\/div>\n\t\t\t\t<\/div>\n\t\t\t\t<div class=\"elementor-element elementor-element-c8133f9 elementor-widget elementor-widget-text-editor\" data-id=\"c8133f9\" data-element_type=\"widget\" data-e-type=\"widget\" data-widget_type=\"text-editor.default\">\n\t\t\t\t<div class=\"elementor-widget-container\">\n\t\t\t\t\t\t\t\t\t<section class=\"job-summary\">\n  <ul>\n    <li><strong>Type d&#8217;emploi :<\/strong> CDI<\/li>\n    <li><strong>Statut :<\/strong> Cadre<\/li>\n    <li><strong>Lieu :<\/strong> Grenoble (Saint Martin d\u2019H\u00e8res)<\/li>\n  <\/ul>\n\n  <ul>\n    <li>D\u00e9placements occasionnels \u00e0 pr\u00e9voir<\/li>\n    <li><strong>Salaire :<\/strong> 38 000 \u20ac \u00e0 48 000 \u20ac<\/li>\n    <li>\n      <strong>Avantages :<\/strong>\n      mutuelle prise en charge \u00e0 100%, t\u00e9l\u00e9travail possible, forfait mobilit\u00e9, tickets restaurant, plan \u00e9pargne, int\u00e9ressement&#8230;\n    <\/li>\n  <\/ul>\n\n  <p>\n    <strong>Les plus du poste :<\/strong>\n    vous int\u00e9grerez un groupe dans lequel les id\u00e9es de chacun sont \u00e9tudi\u00e9es, rigoureux dans le travail, rapide dans ses d\u00e9cisions, ambitieux dans ses objectifs, ouvert dans son fonctionnement.\n  <\/p>\n\n  <p class=\"job-cta\">\n    Alors, si vous \u00eates curieux(se) et motiv\u00e9(e) pour acqu\u00e9rir de nouvelles comp\u00e9tences et partager les v\u00f4tres,\n    n&rsquo;h\u00e9sitez plus, postulez en nous envoyant vos CV et lettre de motivation \u00e0\n    <a href=\"mailto:careers@icalps.com\">careers@icalps.com<\/a>\n  <\/p>\n<\/section>\t\t\t\t\t\t\t\t<\/div>\n\t\t\t\t<\/div>\n\t\t\t\t<div class=\"elementor-element elementor-element-c0cac9f elementor-widget elementor-widget-button\" data-id=\"c0cac9f\" data-element_type=\"widget\" data-e-type=\"widget\" data-widget_type=\"button.default\">\n\t\t\t\t<div class=\"elementor-widget-container\">\n\t\t\t\t\t\t\t\t\t<div class=\"elementor-button-wrapper\">\n\t\t\t\t\t<a class=\"elementor-button elementor-button-link elementor-size-sm\" href=\"https:\/\/www.icalps.com\/fr\/carrieres\/postulez\/\">\n\t\t\t\t\t\t<span class=\"elementor-button-content-wrapper\">\n\t\t\t\t\t\t\t\t\t<span class=\"elementor-button-text\">Postulez<\/span>\n\t\t\t\t\t<\/span>\n\t\t\t\t\t<\/a>\n\t\t\t\t<\/div>\n\t\t\t\t\t\t\t\t<\/div>\n\t\t\t\t<\/div>\n\t\t\t\t\t<\/div>\n\t\t\t\t<\/div>\n\t\t\t\t<\/div>\n\t\t","protected":false},"excerpt":{"rendered":"<p>Charg\u00e9(e) Marketing Digital Charg\u00e9(e) Marketing Digital SEALSQ (NASDAQ: LAES) est un acteur international en forte croissance, sp\u00e9cialis\u00e9 dans les technologies de s\u00e9curit\u00e9 num\u00e9rique et les semi-conducteurs avanc\u00e9s. Le groupe d\u00e9veloppe des solutions innovantes dans les domaines suivants : Cryptographie post-quantique Semi-conducteurs s\u00e9curis\u00e9s Services PKI Conception et production de circuits int\u00e9gr\u00e9s sur mesure (ASIC) Personnalisation &amp; [&hellip;]<\/p>\n","protected":false},"author":21,"featured_media":0,"parent":71167,"menu_order":0,"comment_status":"closed","ping_status":"closed","template":"elementor_header_footer","meta":{"_seopress_robots_primary_cat":"","_seopress_titles_title":"Application Engineer","_seopress_titles_desc":"As a subsidiary of SEALSQ CORP (NASDAQ: LAES), based in Grenoble and Toulouse, IC\u2019Alps designs analog and digital integrated\r\ncircuits","_seopress_robots_index":"","footnotes":""},"class_list":["post-163854","page","type-page","status-publish"],"_links":{"self":[{"href":"https:\/\/www.icalps.com\/fr\/wp-json\/wp\/v2\/pages\/163854","targetHints":{"allow":["GET"]}}],"collection":[{"href":"https:\/\/www.icalps.com\/fr\/wp-json\/wp\/v2\/pages"}],"about":[{"href":"https:\/\/www.icalps.com\/fr\/wp-json\/wp\/v2\/types\/page"}],"author":[{"embeddable":true,"href":"https:\/\/www.icalps.com\/fr\/wp-json\/wp\/v2\/users\/21"}],"replies":[{"embeddable":true,"href":"https:\/\/www.icalps.com\/fr\/wp-json\/wp\/v2\/comments?post=163854"}],"version-history":[{"count":3,"href":"https:\/\/www.icalps.com\/fr\/wp-json\/wp\/v2\/pages\/163854\/revisions"}],"predecessor-version":[{"id":163858,"href":"https:\/\/www.icalps.com\/fr\/wp-json\/wp\/v2\/pages\/163854\/revisions\/163858"}],"up":[{"embeddable":true,"href":"https:\/\/www.icalps.com\/fr\/wp-json\/wp\/v2\/pages\/71167"}],"wp:attachment":[{"href":"https:\/\/www.icalps.com\/fr\/wp-json\/wp\/v2\/media?parent=163854"}],"curies":[{"name":"wp","href":"https:\/\/api.w.org\/{rel}","templated":true}]}}