{"id":151009,"date":"2026-03-09T12:00:23","date_gmt":"2026-03-09T11:00:23","guid":{"rendered":"https:\/\/www.icalps.com\/?page_id=151009"},"modified":"2026-03-09T12:11:57","modified_gmt":"2026-03-09T11:11:57","slug":"un-e-responsable-administratif-ve-et-financier-ere","status":"publish","type":"page","link":"https:\/\/www.icalps.com\/fr\/carrieres\/un-e-responsable-administratif-ve-et-financier-ere\/","title":{"rendered":"Un.e Responsable Administratif.ve et financier.\u00e8re"},"content":{"rendered":"\t\t<div data-elementor-type=\"wp-page\" data-elementor-id=\"151009\" class=\"elementor elementor-151009 elementor-151008\" data-elementor-post-type=\"page\">\n\t\t\t\t<div class=\"elementor-element elementor-element-4328f5c e-flex e-con-boxed e-con e-parent\" data-id=\"4328f5c\" data-element_type=\"container\" data-e-type=\"container\" data-settings=\"{&quot;background_background&quot;:&quot;classic&quot;,&quot;jet_parallax_layout_list&quot;:[]}\">\n\t\t\t\t\t<div class=\"e-con-inner\">\n\t\t\t\t<div class=\"elementor-element elementor-element-d0ee090 elementor-widget elementor-widget-heading\" data-id=\"d0ee090\" data-element_type=\"widget\" data-e-type=\"widget\" data-widget_type=\"heading.default\">\n\t\t\t\t<div class=\"elementor-widget-container\">\n\t\t\t\t\t<h1 class=\"elementor-heading-title elementor-size-default\">Un.e Responsable Administratif.ve et financier.\u00e8re<\/h1>\t\t\t\t<\/div>\n\t\t\t\t<\/div>\n\t\t\t\t<div class=\"elementor-element elementor-element-b2c9b64 elementor-widget-divider--view-line elementor-widget elementor-widget-divider\" data-id=\"b2c9b64\" data-element_type=\"widget\" data-e-type=\"widget\" data-widget_type=\"divider.default\">\n\t\t\t\t<div class=\"elementor-widget-container\">\n\t\t\t\t\t\t\t<div class=\"elementor-divider\">\n\t\t\t<span class=\"elementor-divider-separator\">\n\t\t\t\t\t\t<\/span>\n\t\t<\/div>\n\t\t\t\t\t\t<\/div>\n\t\t\t\t<\/div>\n\t\t\t\t\t<\/div>\n\t\t\t\t<\/div>\n\t\t<div class=\"elementor-element elementor-element-2590c1d e-flex e-con-boxed e-con e-parent\" data-id=\"2590c1d\" data-element_type=\"container\" data-e-type=\"container\" data-settings=\"{&quot;jet_parallax_layout_list&quot;:[]}\">\n\t\t\t\t\t<div class=\"e-con-inner\">\n\t\t\t\t<div class=\"elementor-element elementor-element-7780f6e elementor-widget elementor-widget-spacer\" data-id=\"7780f6e\" data-element_type=\"widget\" data-e-type=\"widget\" data-widget_type=\"spacer.default\">\n\t\t\t\t<div class=\"elementor-widget-container\">\n\t\t\t\t\t\t\t<div class=\"elementor-spacer\">\n\t\t\t<div class=\"elementor-spacer-inner\"><\/div>\n\t\t<\/div>\n\t\t\t\t\t\t<\/div>\n\t\t\t\t<\/div>\n\t\t\t\t<div class=\"elementor-element elementor-element-4191664 elementor-widget elementor-widget-heading\" data-id=\"4191664\" data-element_type=\"widget\" data-e-type=\"widget\" data-widget_type=\"heading.default\">\n\t\t\t\t<div class=\"elementor-widget-container\">\n\t\t\t\t\t<h2 class=\"elementor-heading-title elementor-size-default\">Un.e Responsable Administratif.ve et financier.\u00e8re<\/h2>\t\t\t\t<\/div>\n\t\t\t\t<\/div>\n\t\t\t\t<div class=\"elementor-element elementor-element-463b063 elementor-widget elementor-widget-text-editor\" data-id=\"463b063\" data-element_type=\"widget\" data-e-type=\"widget\" data-widget_type=\"text-editor.default\">\n\t\t\t\t<div class=\"elementor-widget-container\">\n\t\t\t\t\t\t\t\t\tEn tant que filiale du groupe SEALSQ CORP (NASDAQ LAES), implant\u00e9e \u00e0 Grenoble et Toulouse, IC\u2019Alps con\u00e7oit\ndes ASIC (Application Specific Integrated Circuits, ou circuits int\u00e9gr\u00e9s \u00ab sur-mesure \u00bb) analogiques et num\u00e9riques,\npour des applications m\u00e9dicales, et pour les march\u00e9s de l&rsquo;automobile, de la s\u00e9curit\u00e9 et autres&#8230; Dans le cadre de\nnotre d\u00e9veloppement, nous recherchons:\t\t\t\t\t\t\t\t<\/div>\n\t\t\t\t<\/div>\n\t\t\t\t<div class=\"elementor-element elementor-element-58a71c5 elementor-widget elementor-widget-spacer\" data-id=\"58a71c5\" data-element_type=\"widget\" data-e-type=\"widget\" data-widget_type=\"spacer.default\">\n\t\t\t\t<div class=\"elementor-widget-container\">\n\t\t\t\t\t\t\t<div class=\"elementor-spacer\">\n\t\t\t<div class=\"elementor-spacer-inner\"><\/div>\n\t\t<\/div>\n\t\t\t\t\t\t<\/div>\n\t\t\t\t<\/div>\n\t\t\t\t<div class=\"elementor-element elementor-element-cc96e79 elementor-widget elementor-widget-heading\" data-id=\"cc96e79\" data-element_type=\"widget\" data-e-type=\"widget\" data-widget_type=\"heading.default\">\n\t\t\t\t<div class=\"elementor-widget-container\">\n\t\t\t\t\t<h2 class=\"elementor-heading-title elementor-size-default\">Vos missions<\/h2>\t\t\t\t<\/div>\n\t\t\t\t<\/div>\n\t\t\t\t<div class=\"elementor-element elementor-element-2c03064 elementor-widget elementor-widget-text-editor\" data-id=\"2c03064\" data-element_type=\"widget\" data-e-type=\"widget\" data-widget_type=\"text-editor.default\">\n\t\t\t\t<div class=\"elementor-widget-container\">\n\t\t\t\t\t\t\t\t\tRattach\u00e9(e) \u00e0 la Direction financi\u00e8re du groupe et en lien \u00e9troit avec la direction g\u00e9n\u00e9rale de l\u2019entit\u00e9,\nvous \u00eates garant(e) de la fiabilit\u00e9 des informations financi\u00e8res, de la conformit\u00e9 r\u00e9glementaire\net de la performance administrative et financi\u00e8re de la soci\u00e9t\u00e9.\t\t\t\t\t\t\t\t<\/div>\n\t\t\t\t<\/div>\n\t\t\t\t<div class=\"elementor-element elementor-element-a617592 elementor-widget elementor-widget-heading\" data-id=\"a617592\" data-element_type=\"widget\" data-e-type=\"widget\" data-widget_type=\"heading.default\">\n\t\t\t\t<div class=\"elementor-widget-container\">\n\t\t\t\t\t<h3 class=\"elementor-heading-title elementor-size-default\">Comptabilit\u00e9 &amp; cl\u00f4tures financi\u00e8res<\/h3>\t\t\t\t<\/div>\n\t\t\t\t<\/div>\n\t\t\t\t<div class=\"elementor-element elementor-element-3a6ed76 elementor-widget elementor-widget-text-editor\" data-id=\"3a6ed76\" data-element_type=\"widget\" data-e-type=\"widget\" data-widget_type=\"text-editor.default\">\n\t\t\t\t<div class=\"elementor-widget-container\">\n\t\t\t\t\t\t\t\t\t<ul><li>Supervision de la comptabilit\u00e9 g\u00e9n\u00e9rale et auxiliaire (normes fran\u00e7aises).<\/li><li>Production des cl\u00f4tures mensuelles, trimestrielles et annuelles.<\/li><li>\u00c9tablissement des comptes annuels et liasses fiscales.<\/li><li>Coordination avec les commissaires aux comptes et gestion des audits statutaires.<\/li><li>\u00c9volution des outils comptables de la soci\u00e9t\u00e9 (Business Central) selon les exigences du groupe<br \/>et les besoins op\u00e9rationnels (facturation \u00e9lectronique, logiciel de facturation, etc.).<\/li><\/ul>\t\t\t\t\t\t\t\t<\/div>\n\t\t\t\t<\/div>\n\t\t\t\t<div class=\"elementor-element elementor-element-7c062dd elementor-widget elementor-widget-heading\" data-id=\"7c062dd\" data-element_type=\"widget\" data-e-type=\"widget\" data-widget_type=\"heading.default\">\n\t\t\t\t<div class=\"elementor-widget-container\">\n\t\t\t\t\t<h3 class=\"elementor-heading-title elementor-size-default\">Reporting Groupe &amp; US GAAP<\/h3>\t\t\t\t<\/div>\n\t\t\t\t<\/div>\n\t\t\t\t<div class=\"elementor-element elementor-element-f1d902c elementor-widget elementor-widget-text-editor\" data-id=\"f1d902c\" data-element_type=\"widget\" data-e-type=\"widget\" data-widget_type=\"text-editor.default\">\n\t\t\t\t<div class=\"elementor-widget-container\">\n\t\t\t\t\t\t\t\t\t<ul><li>Production du reporting mensuel et trimestriel \u00e0 destination du Groupe cot\u00e9 au Nasdaq.<\/li><li>Passage des comptes French GAAP vers US GAAP en coordination avec le Groupe.<\/li><li>Respect des deadlines et exigences de contr\u00f4le interne du Groupe (SOX si applicable).<\/li><li>Contribution aux audits Groupe et \u00e0 la documentation financi\u00e8re consolid\u00e9e.<\/li><\/ul>\t\t\t\t\t\t\t\t<\/div>\n\t\t\t\t<\/div>\n\t\t\t\t<div class=\"elementor-element elementor-element-49d6728 elementor-widget elementor-widget-heading\" data-id=\"49d6728\" data-element_type=\"widget\" data-e-type=\"widget\" data-widget_type=\"heading.default\">\n\t\t\t\t<div class=\"elementor-widget-container\">\n\t\t\t\t\t<h3 class=\"elementor-heading-title elementor-size-default\">Fiscalit\u00e9 &amp; Cr\u00e9dit Imp\u00f4t Recherche<\/h3>\t\t\t\t<\/div>\n\t\t\t\t<\/div>\n\t\t\t\t<div class=\"elementor-element elementor-element-ae4703c elementor-widget elementor-widget-text-editor\" data-id=\"ae4703c\" data-element_type=\"widget\" data-e-type=\"widget\" data-widget_type=\"text-editor.default\">\n\t\t\t\t<div class=\"elementor-widget-container\">\n\t\t\t\t\t\t\t\t\t<ul><li>Pilotage des sujets fiscaux (IS, TVA, taxes locales, etc.).<\/li><li>Coordination et s\u00e9curisation du Cr\u00e9dit Imp\u00f4t Recherche (CIR) avec les \u00e9quipes R&amp;D<br \/>et les conseils externes.<\/li><li>Gestion des contr\u00f4les fiscaux et relation avec l\u2019administration.<\/li><li>Veille r\u00e9glementaire en mati\u00e8re fiscale et comptable.<\/li><\/ul>\t\t\t\t\t\t\t\t<\/div>\n\t\t\t\t<\/div>\n\t\t\t\t<div class=\"elementor-element elementor-element-be5f1a7 elementor-widget elementor-widget-heading\" data-id=\"be5f1a7\" data-element_type=\"widget\" data-e-type=\"widget\" data-widget_type=\"heading.default\">\n\t\t\t\t<div class=\"elementor-widget-container\">\n\t\t\t\t\t<h3 class=\"elementor-heading-title elementor-size-default\">Contr\u00f4le de gestion &amp; pilotage de la performance<\/h3>\t\t\t\t<\/div>\n\t\t\t\t<\/div>\n\t\t\t\t<div class=\"elementor-element elementor-element-b8266c1 elementor-widget elementor-widget-text-editor\" data-id=\"b8266c1\" data-element_type=\"widget\" data-e-type=\"widget\" data-widget_type=\"text-editor.default\">\n\t\t\t\t<div class=\"elementor-widget-container\">\n\t\t\t\t\t\t\t\t\t<ul>\n<li>\u00c9laboration et suivi du budget annuel et des forecasts.<\/li>\n<li>Analyse des \u00e9carts et suivi des co\u00fbts R&#038;D et projets.<\/li>\n<li>Mise en place d\u2019indicateurs de performance pertinents (KPI financiers et op\u00e9rationnels).<\/li>\n<li>Support \u00e0 la Direction dans les d\u00e9cisions strat\u00e9giques et les investissements.<\/li>\n<\/ul>\t\t\t\t\t\t\t\t<\/div>\n\t\t\t\t<\/div>\n\t\t\t\t<div class=\"elementor-element elementor-element-1e263b1 elementor-widget elementor-widget-heading\" data-id=\"1e263b1\" data-element_type=\"widget\" data-e-type=\"widget\" data-widget_type=\"heading.default\">\n\t\t\t\t<div class=\"elementor-widget-container\">\n\t\t\t\t\t<h3 class=\"elementor-heading-title elementor-size-default\">Tr\u00e9sorerie &amp; administration<\/h3>\t\t\t\t<\/div>\n\t\t\t\t<\/div>\n\t\t\t\t<div class=\"elementor-element elementor-element-92b54fc elementor-widget elementor-widget-text-editor\" data-id=\"92b54fc\" data-element_type=\"widget\" data-e-type=\"widget\" data-widget_type=\"text-editor.default\">\n\t\t\t\t<div class=\"elementor-widget-container\">\n\t\t\t\t\t\t\t\t\t<ul>\n<li>Gestion de la tr\u00e9sorerie et optimisation du BFR.<\/li>\n<li>Relations bancaires et partenaires financiers.<\/li>\n<li>Supervision des contrats administratifs (assurances, prestataires, etc.).<\/li>\n<li>Management de l\u2019\u00e9quipe comptable.<\/li>\n<\/ul>\t\t\t\t\t\t\t\t<\/div>\n\t\t\t\t<\/div>\n\t\t\t\t<div class=\"elementor-element elementor-element-de0da8a elementor-widget elementor-widget-spacer\" data-id=\"de0da8a\" data-element_type=\"widget\" data-e-type=\"widget\" data-widget_type=\"spacer.default\">\n\t\t\t\t<div class=\"elementor-widget-container\">\n\t\t\t\t\t\t\t<div class=\"elementor-spacer\">\n\t\t\t<div class=\"elementor-spacer-inner\"><\/div>\n\t\t<\/div>\n\t\t\t\t\t\t<\/div>\n\t\t\t\t<\/div>\n\t\t\t\t<div class=\"elementor-element elementor-element-1365e7c elementor-widget elementor-widget-heading\" data-id=\"1365e7c\" data-element_type=\"widget\" data-e-type=\"widget\" data-widget_type=\"heading.default\">\n\t\t\t\t<div class=\"elementor-widget-container\">\n\t\t\t\t\t<h2 class=\"elementor-heading-title elementor-size-default\">Votre profil<\/h2>\t\t\t\t<\/div>\n\t\t\t\t<\/div>\n\t\t\t\t<div class=\"elementor-element elementor-element-f530edb elementor-widget elementor-widget-text-editor\" data-id=\"f530edb\" data-element_type=\"widget\" data-e-type=\"widget\" data-widget_type=\"text-editor.default\">\n\t\t\t\t<div class=\"elementor-widget-container\">\n\t\t\t\t\t\t\t\t\t<ul>\n<li>Bac +5 minimum en finance\/comptabilit\u00e9 : DSCG, Master CCA, \u00e9cole de commerce ou \u00e9quivalent.<\/li>\n<li>\nEnviron 10 ans d\u2019exp\u00e9rience professionnelle incluant id\u00e9alement :\n<ul>\n<li>Une premi\u00e8re exp\u00e9rience en cabinet d\u2019audit.<\/li>\n<li>Une fonction finance en entreprise (PME\/ETI ou filiale de groupe international).<\/li>\n<\/ul>\n<\/li>\n<li>Ma\u00eetrise de la comptabilit\u00e9 et de la fiscalit\u00e9 fran\u00e7aises.<\/li>\n<li>Bonne compr\u00e9hension du Cr\u00e9dit Imp\u00f4t Recherche.<\/li>\n<li>Exp\u00e9rience du reporting groupe et des processus de cl\u00f4ture exigeants.<\/li>\n<li>Connaissance des normes US GAAP.<\/li>\n<li>Anglais professionnel courant.<\/li>\n<li>Qualit\u00e9s requises\n<ul>\n<li>Rigueur et forte capacit\u00e9 d\u2019organisation.<\/li>\n<li>Esprit analytique et orientation business.<\/li>\n<li>Capacit\u00e9 \u00e0 \u00e9voluer dans un environnement technologique et innovant.<\/li>\n<li>Aisance dans les environnements exigeants en audit et contr\u00f4le interne.<\/li>\n<li>Leadership et capacit\u00e9 \u00e0 travailler en transversal avec les \u00e9quipes R&#038;D, RH et op\u00e9rations.<\/li>\n<\/ul>\n<\/li>\n<\/ul>\t\t\t\t\t\t\t\t<\/div>\n\t\t\t\t<\/div>\n\t\t\t\t<div class=\"elementor-element elementor-element-e93ae73 elementor-widget elementor-widget-spacer\" data-id=\"e93ae73\" data-element_type=\"widget\" data-e-type=\"widget\" data-widget_type=\"spacer.default\">\n\t\t\t\t<div class=\"elementor-widget-container\">\n\t\t\t\t\t\t\t<div class=\"elementor-spacer\">\n\t\t\t<div class=\"elementor-spacer-inner\"><\/div>\n\t\t<\/div>\n\t\t\t\t\t\t<\/div>\n\t\t\t\t<\/div>\n\t\t\t\t<div class=\"elementor-element elementor-element-f6f9982 elementor-widget elementor-widget-heading\" data-id=\"f6f9982\" data-element_type=\"widget\" data-e-type=\"widget\" data-widget_type=\"heading.default\">\n\t\t\t\t<div class=\"elementor-widget-container\">\n\t\t\t\t\t<h3 class=\"elementor-heading-title elementor-size-default\">Conditions<\/h3>\t\t\t\t<\/div>\n\t\t\t\t<\/div>\n\t\t\t\t<div class=\"elementor-element elementor-element-c8133f9 elementor-widget elementor-widget-text-editor\" data-id=\"c8133f9\" data-element_type=\"widget\" data-e-type=\"widget\" data-widget_type=\"text-editor.default\">\n\t\t\t\t<div class=\"elementor-widget-container\">\n\t\t\t\t\t\t\t\t\t<ul>\n<li>Type d&#8217;emploi : CDI<\/li>\n<li>Lieu : Grenoble (Saint Martin d\u2019H\u00e8res)<\/li>\n<li>Salaire : 60 000\u20ac \u00e0 70 000\u20ac selon exp\u00e9rience<\/li>\n<li>\nAvantages : int\u00e9ressement, RTT, t\u00e9l\u00e9travail, carte restaurant (8.90\u20ac\/jour),\nmutuelle gratuite pour le collaborateur, pr\u00e9voyance, \u00e9pargne salariale,\nforfait mobilit\u00e9.\n<\/li>\n<li>Les plus du poste\n<ul>\n<li>Un environnement technologique de pointe en micro\u00e9lectronique.<\/li>\n<li>Un r\u00f4le cl\u00e9 expos\u00e9 \u00e0 la Direction et au Groupe international.<\/li>\n<li>Une forte autonomie dans une structure agile avec des standards internationaux exigeants.<\/li>\n<li>Des enjeux strat\u00e9giques forts autour de la R&#038;D et de l\u2019innovation.<\/li>\n<\/ul><\/li>\n<\/ul>\t\t\t\t\t\t\t\t<\/div>\n\t\t\t\t<\/div>\n\t\t\t\t<div class=\"elementor-element elementor-element-7ba5308 elementor-widget elementor-widget-text-editor\" data-id=\"7ba5308\" data-element_type=\"widget\" data-e-type=\"widget\" data-widget_type=\"text-editor.default\">\n\t\t\t\t<div class=\"elementor-widget-container\">\n\t\t\t\t\t\t\t\t\t<p>\nSi le challenge vous int\u00e9resse, rejoignez une entreprise dynamique dans un groupe en forte croissance.\nEnvoyez votre CV et lettre de motivation \u00e0 <a href=\"mailto:careers@icalps.com\"><span class=\"s1\">careers@icalps.com<\/span><\/a>.\n<\/p>\t\t\t\t\t\t\t\t<\/div>\n\t\t\t\t<\/div>\n\t\t\t\t<div class=\"elementor-element elementor-element-c0cac9f elementor-widget elementor-widget-button\" data-id=\"c0cac9f\" data-element_type=\"widget\" data-e-type=\"widget\" data-widget_type=\"button.default\">\n\t\t\t\t<div class=\"elementor-widget-container\">\n\t\t\t\t\t\t\t\t\t<div class=\"elementor-button-wrapper\">\n\t\t\t\t\t<a class=\"elementor-button elementor-button-link elementor-size-sm\" href=\"https:\/\/www.icalps.com\/fr\/carrieres\/postulez\/\">\n\t\t\t\t\t\t<span class=\"elementor-button-content-wrapper\">\n\t\t\t\t\t\t\t\t\t<span class=\"elementor-button-text\">Postulez<\/span>\n\t\t\t\t\t<\/span>\n\t\t\t\t\t<\/a>\n\t\t\t\t<\/div>\n\t\t\t\t\t\t\t\t<\/div>\n\t\t\t\t<\/div>\n\t\t\t\t\t<\/div>\n\t\t\t\t<\/div>\n\t\t\t\t<\/div>\n\t\t","protected":false},"excerpt":{"rendered":"<p>Un.e Responsable Administratif.ve et financier.\u00e8re Un.e Responsable Administratif.ve et financier.\u00e8re En tant que filiale du groupe SEALSQ CORP (NASDAQ LAES), implant\u00e9e \u00e0 Grenoble et Toulouse, IC\u2019Alps con\u00e7oit des ASIC (Application Specific Integrated Circuits, ou circuits int\u00e9gr\u00e9s \u00ab sur-mesure \u00bb) analogiques et num\u00e9riques, pour des applications m\u00e9dicales, et pour les march\u00e9s de l&rsquo;automobile, de la s\u00e9curit\u00e9 [&hellip;]<\/p>\n","protected":false},"author":21,"featured_media":0,"parent":71167,"menu_order":0,"comment_status":"closed","ping_status":"closed","template":"elementor_header_footer","meta":{"_seopress_robots_primary_cat":"","_seopress_titles_title":"Application Engineer","_seopress_titles_desc":"As a subsidiary of SEALSQ CORP (NASDAQ: LAES), based in Grenoble and Toulouse, IC\u2019Alps designs analog and digital integrated\r\ncircuits","_seopress_robots_index":"","footnotes":""},"class_list":["post-151009","page","type-page","status-publish"],"_links":{"self":[{"href":"https:\/\/www.icalps.com\/fr\/wp-json\/wp\/v2\/pages\/151009","targetHints":{"allow":["GET"]}}],"collection":[{"href":"https:\/\/www.icalps.com\/fr\/wp-json\/wp\/v2\/pages"}],"about":[{"href":"https:\/\/www.icalps.com\/fr\/wp-json\/wp\/v2\/types\/page"}],"author":[{"embeddable":true,"href":"https:\/\/www.icalps.com\/fr\/wp-json\/wp\/v2\/users\/21"}],"replies":[{"embeddable":true,"href":"https:\/\/www.icalps.com\/fr\/wp-json\/wp\/v2\/comments?post=151009"}],"version-history":[{"count":4,"href":"https:\/\/www.icalps.com\/fr\/wp-json\/wp\/v2\/pages\/151009\/revisions"}],"predecessor-version":[{"id":151027,"href":"https:\/\/www.icalps.com\/fr\/wp-json\/wp\/v2\/pages\/151009\/revisions\/151027"}],"up":[{"embeddable":true,"href":"https:\/\/www.icalps.com\/fr\/wp-json\/wp\/v2\/pages\/71167"}],"wp:attachment":[{"href":"https:\/\/www.icalps.com\/fr\/wp-json\/wp\/v2\/media?parent=151009"}],"curies":[{"name":"wp","href":"https:\/\/api.w.org\/{rel}","templated":true}]}}