{"id":130008,"date":"2026-02-14T02:16:59","date_gmt":"2026-02-14T01:16:59","guid":{"rendered":"https:\/\/www.icalps.com\/carrieres\/un-e-ingenieur-application-hardware\/"},"modified":"2026-03-09T11:35:05","modified_gmt":"2026-03-09T10:35:05","slug":"un-e-ingenieur-application-hardware","status":"publish","type":"page","link":"https:\/\/www.icalps.com\/fr\/carrieres\/un-e-ingenieur-application-hardware\/","title":{"rendered":"Un-e Ing\u00e9nieur Application Hardware"},"content":{"rendered":"\t\t<div data-elementor-type=\"wp-page\" data-elementor-id=\"130008\" class=\"elementor elementor-130008 elementor-129843\" data-elementor-post-type=\"page\">\n\t\t\t\t<div class=\"elementor-element elementor-element-4328f5c e-flex e-con-boxed e-con e-parent\" data-id=\"4328f5c\" data-element_type=\"container\" data-e-type=\"container\" data-settings=\"{&quot;background_background&quot;:&quot;classic&quot;,&quot;jet_parallax_layout_list&quot;:[]}\">\n\t\t\t\t\t<div class=\"e-con-inner\">\n\t\t\t\t<div class=\"elementor-element elementor-element-d0ee090 elementor-widget elementor-widget-heading\" data-id=\"d0ee090\" data-element_type=\"widget\" data-e-type=\"widget\" data-widget_type=\"heading.default\">\n\t\t\t\t<div class=\"elementor-widget-container\">\n\t\t\t\t\t<h1 class=\"elementor-heading-title elementor-size-default\">Un-e Ing\u00e9nieur Application Hardware<\/h1>\t\t\t\t<\/div>\n\t\t\t\t<\/div>\n\t\t\t\t<div class=\"elementor-element elementor-element-b2c9b64 elementor-widget-divider--view-line elementor-widget elementor-widget-divider\" data-id=\"b2c9b64\" data-element_type=\"widget\" data-e-type=\"widget\" data-widget_type=\"divider.default\">\n\t\t\t\t<div class=\"elementor-widget-container\">\n\t\t\t\t\t\t\t<div class=\"elementor-divider\">\n\t\t\t<span class=\"elementor-divider-separator\">\n\t\t\t\t\t\t<\/span>\n\t\t<\/div>\n\t\t\t\t\t\t<\/div>\n\t\t\t\t<\/div>\n\t\t\t\t\t<\/div>\n\t\t\t\t<\/div>\n\t\t<div class=\"elementor-element elementor-element-2590c1d e-flex e-con-boxed e-con e-parent\" data-id=\"2590c1d\" data-element_type=\"container\" data-e-type=\"container\" data-settings=\"{&quot;jet_parallax_layout_list&quot;:[]}\">\n\t\t\t\t\t<div class=\"e-con-inner\">\n\t\t\t\t<div class=\"elementor-element elementor-element-7780f6e elementor-widget elementor-widget-spacer\" data-id=\"7780f6e\" data-element_type=\"widget\" data-e-type=\"widget\" data-widget_type=\"spacer.default\">\n\t\t\t\t<div class=\"elementor-widget-container\">\n\t\t\t\t\t\t\t<div class=\"elementor-spacer\">\n\t\t\t<div class=\"elementor-spacer-inner\"><\/div>\n\t\t<\/div>\n\t\t\t\t\t\t<\/div>\n\t\t\t\t<\/div>\n\t\t\t\t<div class=\"elementor-element elementor-element-4191664 elementor-widget elementor-widget-heading\" data-id=\"4191664\" data-element_type=\"widget\" data-e-type=\"widget\" data-widget_type=\"heading.default\">\n\t\t\t\t<div class=\"elementor-widget-container\">\n\t\t\t\t\t<h2 class=\"elementor-heading-title elementor-size-default\">Un-e Ing\u00e9nieur Application Hardware<\/h2>\t\t\t\t<\/div>\n\t\t\t\t<\/div>\n\t\t\t\t<div class=\"elementor-element elementor-element-463b063 elementor-widget elementor-widget-text-editor\" data-id=\"463b063\" data-element_type=\"widget\" data-e-type=\"widget\" data-widget_type=\"text-editor.default\">\n\t\t\t\t<div class=\"elementor-widget-container\">\n\t\t\t\t\t\t\t\t\t<p>En tant que filiale du groupe SEALSQ CORP (NASDAQ LAES), implant\u00e9e \u00e0 Grenoble et Toulouse, IC\u2019Alps con\u00e7oit des ASIC (Application Specific Integrated Circuits, ou circuits int\u00e9gr\u00e9s \u00ab sur-mesure \u00bb) analogiques et num\u00e9riques, pour des applications m\u00e9dicales, et pour les march\u00e9s de l&rsquo;automobile, de la s\u00e9curit\u00e9 et autres&#8230; Dans le cadre de notre d\u00e9veloppement, nous recherchons:<\/p>\t\t\t\t\t\t\t\t<\/div>\n\t\t\t\t<\/div>\n\t\t\t\t<div class=\"elementor-element elementor-element-58a71c5 elementor-widget elementor-widget-spacer\" data-id=\"58a71c5\" data-element_type=\"widget\" data-e-type=\"widget\" data-widget_type=\"spacer.default\">\n\t\t\t\t<div class=\"elementor-widget-container\">\n\t\t\t\t\t\t\t<div class=\"elementor-spacer\">\n\t\t\t<div class=\"elementor-spacer-inner\"><\/div>\n\t\t<\/div>\n\t\t\t\t\t\t<\/div>\n\t\t\t\t<\/div>\n\t\t\t\t<div class=\"elementor-element elementor-element-cc96e79 elementor-widget elementor-widget-heading\" data-id=\"cc96e79\" data-element_type=\"widget\" data-e-type=\"widget\" data-widget_type=\"heading.default\">\n\t\t\t\t<div class=\"elementor-widget-container\">\n\t\t\t\t\t<h3 class=\"elementor-heading-title elementor-size-default\">Vos missions<\/h3>\t\t\t\t<\/div>\n\t\t\t\t<\/div>\n\t\t\t\t<div class=\"elementor-element elementor-element-2c03064 elementor-widget elementor-widget-text-editor\" data-id=\"2c03064\" data-element_type=\"widget\" data-e-type=\"widget\" data-widget_type=\"text-editor.default\">\n\t\t\t\t<div class=\"elementor-widget-container\">\n\t\t\t\t\t\t\t\t\t<p>En tant qu\u2019ing\u00e9nieur application hardware au sein d\u2019une \u00e9quipe validation-tests et applications d\u2019une dizaine de personnes, vous interagissez avec les clients externes et collaborez avec les \u00e9quipes internes (design, marketing\u2026). Vous d\u00e9finissez et \u00e9valuez les produits\/solutions ASIC\/Soc qui r\u00e9pondent au mieux aux besoins applicatifs du client, notamment dans le domaine de l\u2019ultrason m\u00e9dical, conform\u00e9ment \u00e0 la strat\u00e9gie commerciale et aux capacit\u00e9s techniques du groupe.<\/p>\t\t\t\t\t\t\t\t<\/div>\n\t\t\t\t<\/div>\n\t\t\t\t<div class=\"elementor-element elementor-element-0c7c1de elementor-widget elementor-widget-text-editor\" data-id=\"0c7c1de\" data-element_type=\"widget\" data-e-type=\"widget\" data-widget_type=\"text-editor.default\">\n\t\t\t\t<div class=\"elementor-widget-container\">\n\t\t\t\t\t\t\t\t\t<p>Vos principales missions consistent \u00e0:<\/p>\t\t\t\t\t\t\t\t<\/div>\n\t\t\t\t<\/div>\n\t\t\t\t<div class=\"elementor-element elementor-element-3a6ed76 elementor-widget elementor-widget-text-editor\" data-id=\"3a6ed76\" data-element_type=\"widget\" data-e-type=\"widget\" data-widget_type=\"text-editor.default\">\n\t\t\t\t<div class=\"elementor-widget-container\">\n\t\t\t\t\t\t\t\t\t<ul>\n  <li>\n    Contribuer \u00e0 la d\u00e9finition\/sp\u00e9cification d\u00e9taill\u00e9e des circuits ASIC\/SoC (System-On-Chip) gr\u00e2ce \u00e0 votre expertise applicative, aupr\u00e8s des clients comme des \u00e9quipes internes (sch\u00e9mas blocs, contraintes \u00e9lectriques, logiques et timing)\n  <\/li>\n  <li>\n    Pr\u00e9parer le plan de validation du produit dans un environnement applicatif r\u00e9el, r\u00e9aliser la caract\u00e9risation sur banc de test (mesures de bruit, puissance), les analyses et rapports de validation\n  <\/li>\n  <li>\n    Concevoir et faire \u00e9voluer l\u2019environnement de validation\/d\u00e9monstration (hardware &#038; software) en collaboration avec les \u00e9quipes impliqu\u00e9es dans le d\u00e9veloppement et avec l\u2019\u00e9quipe marketing &#038; vente\n  <\/li>\n  <li>\n    \u00c9tudier les besoins applicatifs des march\u00e9s vis\u00e9s ainsi que les offres de la concurrence pour orienter les choix techniques\n  <\/li>\n  <li>\n    D\u00e9velopper une connaissance approfondie des applications et de nos savoir-faire\/briques technologiques internes afin d\u2019aider \u00e0 la construction des sp\u00e9cifications produit\n  <\/li>\n  <li>\n    Valoriser le travail de conception\/validation en r\u00e9digeant des articles, des notes d\u2019applications en collaboration avec les \u00e9quipes de d\u00e9veloppement ASIC\/SoC\n  <\/li>\n<\/ul>\t\t\t\t\t\t\t\t<\/div>\n\t\t\t\t<\/div>\n\t\t\t\t<div class=\"elementor-element elementor-element-de0da8a elementor-widget elementor-widget-spacer\" data-id=\"de0da8a\" data-element_type=\"widget\" data-e-type=\"widget\" data-widget_type=\"spacer.default\">\n\t\t\t\t<div class=\"elementor-widget-container\">\n\t\t\t\t\t\t\t<div class=\"elementor-spacer\">\n\t\t\t<div class=\"elementor-spacer-inner\"><\/div>\n\t\t<\/div>\n\t\t\t\t\t\t<\/div>\n\t\t\t\t<\/div>\n\t\t\t\t<div class=\"elementor-element elementor-element-1365e7c elementor-widget elementor-widget-heading\" data-id=\"1365e7c\" data-element_type=\"widget\" data-e-type=\"widget\" data-widget_type=\"heading.default\">\n\t\t\t\t<div class=\"elementor-widget-container\">\n\t\t\t\t\t<h3 class=\"elementor-heading-title elementor-size-default\">Comp\u00e9tences et exp\u00e9rience<\/h3>\t\t\t\t<\/div>\n\t\t\t\t<\/div>\n\t\t\t\t<div class=\"elementor-element elementor-element-f530edb elementor-widget elementor-widget-text-editor\" data-id=\"f530edb\" data-element_type=\"widget\" data-e-type=\"widget\" data-widget_type=\"text-editor.default\">\n\t\t\t\t<div class=\"elementor-widget-container\">\n\t\t\t\t\t\t\t\t\t<ul>\n  <li>Dipl\u00f4me : Dipl\u00f4me d\u2019ing\u00e9nieur en \u00e9lectronique\/micro\u00e9lectronique<\/li>\n  <li>Exp\u00e9rience : 5 \u00e0 10 ans d\u2019exp\u00e9rience en \u00e9lectronique\/micro\u00e9lectronique analogique ou mixte<\/li>\n  <li>Bonne connaissance des outils de simulation et de validation type LTspice<\/li>\n  <li>Capacit\u00e9 d&rsquo;analyse et de r\u00e9solution de probl\u00e8mes<\/li>\n  <li>\n    Capacit\u00e9 \u00e0 travailler de mani\u00e8re autonome, mais avec un fort esprit d&rsquo;\u00e9quipe, tout en \u00e9tant une r\u00e9elle force de proposition\n  <\/li>\n  <li>Bonnes aptitudes relationnelles, go\u00fbt pour la relation client et sens de la n\u00e9gociation<\/li>\n  <li>Curiosit\u00e9 pour les applications<\/li>\n  <li>Anglais et Fran\u00e7ais courant<\/li>\n<\/ul>\t\t\t\t\t\t\t\t<\/div>\n\t\t\t\t<\/div>\n\t\t\t\t<div class=\"elementor-element elementor-element-e93ae73 elementor-widget elementor-widget-spacer\" data-id=\"e93ae73\" data-element_type=\"widget\" data-e-type=\"widget\" data-widget_type=\"spacer.default\">\n\t\t\t\t<div class=\"elementor-widget-container\">\n\t\t\t\t\t\t\t<div class=\"elementor-spacer\">\n\t\t\t<div class=\"elementor-spacer-inner\"><\/div>\n\t\t<\/div>\n\t\t\t\t\t\t<\/div>\n\t\t\t\t<\/div>\n\t\t\t\t<div class=\"elementor-element elementor-element-f6f9982 elementor-widget elementor-widget-heading\" data-id=\"f6f9982\" data-element_type=\"widget\" data-e-type=\"widget\" data-widget_type=\"heading.default\">\n\t\t\t\t<div class=\"elementor-widget-container\">\n\t\t\t\t\t<h3 class=\"elementor-heading-title elementor-size-default\">Conditions<\/h3>\t\t\t\t<\/div>\n\t\t\t\t<\/div>\n\t\t\t\t<div class=\"elementor-element elementor-element-c8133f9 elementor-widget elementor-widget-text-editor\" data-id=\"c8133f9\" data-element_type=\"widget\" data-e-type=\"widget\" data-widget_type=\"text-editor.default\">\n\t\t\t\t<div class=\"elementor-widget-container\">\n\t\t\t\t\t\t\t\t\t<ul>\n  <li>Type d&#8217;emploi : CDI, poste cadre<\/li>\n  <li>Lieu : Toulouse<\/li>\n  <li>Salaire : 50-65k<\/li>\n  <li>\n    Avantages : RTT, charte t\u00e9l\u00e9travail, mutuelle (gratuite pour le collaborateur) et pr\u00e9voyance, carte restaurant (8.90\u20ac\/jour), \u00e9pargne salariale, PPV, forfait mobilit\u00e9&#8230;\n  <\/li>\n  <li>\n    Les plus du poste : Vous int\u00e9grerez un groupe dans lequel les id\u00e9es de chacun sont \u00e9tudi\u00e9es, rigoureux dans le travail, rapide dans ses d\u00e9cisions, ambitieux dans ses objectifs, ouvert dans son fonctionnement.\n  <\/li>\n<\/ul>\t\t\t\t\t\t\t\t<\/div>\n\t\t\t\t<\/div>\n\t\t\t\t<div class=\"elementor-element elementor-element-7ba5308 elementor-widget elementor-widget-text-editor\" data-id=\"7ba5308\" data-element_type=\"widget\" data-e-type=\"widget\" data-widget_type=\"text-editor.default\">\n\t\t\t\t<div class=\"elementor-widget-container\">\n\t\t\t\t\t\t\t\t\t<p class=\"p1\">If you are curious and motivated to be part of the adventure of a dynamic company in a commercial role, don&rsquo;t hesitate to apply by sending your CV and cover letter\/motivation message to <a href=\"mailto:careers@icalps.com\"><span class=\"s1\">careers@icalps.com<\/span><\/a>.<\/p>\t\t\t\t\t\t\t\t<\/div>\n\t\t\t\t<\/div>\n\t\t\t\t<div class=\"elementor-element elementor-element-c0cac9f elementor-widget elementor-widget-button\" data-id=\"c0cac9f\" data-element_type=\"widget\" data-e-type=\"widget\" data-widget_type=\"button.default\">\n\t\t\t\t<div class=\"elementor-widget-container\">\n\t\t\t\t\t\t\t\t\t<div class=\"elementor-button-wrapper\">\n\t\t\t\t\t<a class=\"elementor-button elementor-button-link elementor-size-sm\" href=\"https:\/\/www.icalps.com\/fr\/carrieres\/postulez\/\">\n\t\t\t\t\t\t<span class=\"elementor-button-content-wrapper\">\n\t\t\t\t\t\t\t\t\t<span class=\"elementor-button-text\">Postulez<\/span>\n\t\t\t\t\t<\/span>\n\t\t\t\t\t<\/a>\n\t\t\t\t<\/div>\n\t\t\t\t\t\t\t\t<\/div>\n\t\t\t\t<\/div>\n\t\t\t\t\t<\/div>\n\t\t\t\t<\/div>\n\t\t\t\t<\/div>\n\t\t","protected":false},"excerpt":{"rendered":"<p>Un-e Ing\u00e9nieur Application Hardware Un-e Ing\u00e9nieur Application Hardware En tant que filiale du groupe SEALSQ CORP (NASDAQ LAES), implant\u00e9e \u00e0 Grenoble et Toulouse, IC\u2019Alps con\u00e7oit des ASIC (Application Specific Integrated Circuits, ou circuits int\u00e9gr\u00e9s \u00ab sur-mesure \u00bb) analogiques et num\u00e9riques, pour des applications m\u00e9dicales, et pour les march\u00e9s de l&rsquo;automobile, de la s\u00e9curit\u00e9 et autres&#8230; [&hellip;]<\/p>\n","protected":false},"author":21,"featured_media":0,"parent":71167,"menu_order":0,"comment_status":"closed","ping_status":"closed","template":"elementor_header_footer","meta":{"_seopress_robots_primary_cat":"","_seopress_titles_title":"Application Engineer","_seopress_titles_desc":"As a subsidiary of SEALSQ CORP (NASDAQ: LAES), based in Grenoble and Toulouse, IC\u2019Alps designs analog and digital integrated\ncircuits","_seopress_robots_index":"","footnotes":""},"class_list":["post-130008","page","type-page","status-publish"],"_links":{"self":[{"href":"https:\/\/www.icalps.com\/fr\/wp-json\/wp\/v2\/pages\/130008","targetHints":{"allow":["GET"]}}],"collection":[{"href":"https:\/\/www.icalps.com\/fr\/wp-json\/wp\/v2\/pages"}],"about":[{"href":"https:\/\/www.icalps.com\/fr\/wp-json\/wp\/v2\/types\/page"}],"author":[{"embeddable":true,"href":"https:\/\/www.icalps.com\/fr\/wp-json\/wp\/v2\/users\/21"}],"replies":[{"embeddable":true,"href":"https:\/\/www.icalps.com\/fr\/wp-json\/wp\/v2\/comments?post=130008"}],"version-history":[{"count":6,"href":"https:\/\/www.icalps.com\/fr\/wp-json\/wp\/v2\/pages\/130008\/revisions"}],"predecessor-version":[{"id":151006,"href":"https:\/\/www.icalps.com\/fr\/wp-json\/wp\/v2\/pages\/130008\/revisions\/151006"}],"up":[{"embeddable":true,"href":"https:\/\/www.icalps.com\/fr\/wp-json\/wp\/v2\/pages\/71167"}],"wp:attachment":[{"href":"https:\/\/www.icalps.com\/fr\/wp-json\/wp\/v2\/media?parent=130008"}],"curies":[{"name":"wp","href":"https:\/\/api.w.org\/{rel}","templated":true}]}}